{"id":42577,"date":"2023-12-08T16:58:36","date_gmt":"2023-12-08T15:58:36","guid":{"rendered":"https:\/\/dev.mas-llinas.com\/the-camping-state-of-mind\/"},"modified":"2024-01-26T11:34:24","modified_gmt":"2024-01-26T10:34:24","slug":"the-camping-state-of-mind","status":"publish","type":"page","link":"https:\/\/mas-llinas.com\/en\/the-camping-state-of-mind\/","title":{"rendered":"The camping state of mind"},"content":{"rendered":"\n<h2 class=\"wp-block-heading has-text-align-center\">Experience the best of camping holidays in the Pyr\u00e9n\u00e9es-Orientales<\/h2>\n\n<p>The Pyr\u00e9n\u00e9es-Orientales is one of the leading destinations in the Languedoc-Roussillon-Midi Pyrenees region. Camping Mas Llinas offers you an excellent stay in the commune of Le Boulou.<\/p>\n\n<p>Camping Mas Llinas distinguishes itself from many other establishments through its accommodation options. We offer a range of options to make your stay a pleasant one.  <\/p>\n\n<div class=\"wp-block-columns are-vertically-aligned-center is-layout-flex wp-container-core-columns-is-layout-28f84493 wp-block-columns-is-layout-flex\">\n<div class=\"wp-block-column is-vertically-aligned-center is-layout-flow wp-block-column-is-layout-flow\">\n<figure class=\"wp-block-image aligncenter size-full is-resized\"><img loading=\"lazy\" decoding=\"async\" width=\"900\" height=\"600\" src=\"https:\/\/mas-llinas.com\/wp-content\/uploads\/2023\/12\/DSC02383-Personnalise.jpg\" alt=\"\" class=\"wp-image-41948\" style=\"width:554px;height:auto\" srcset=\"https:\/\/mas-llinas.com\/wp-content\/uploads\/2023\/12\/DSC02383-Personnalise.jpg 900w, https:\/\/mas-llinas.com\/wp-content\/uploads\/2023\/12\/DSC02383-Personnalise-300x200.jpg 300w, https:\/\/mas-llinas.com\/wp-content\/uploads\/2023\/12\/DSC02383-Personnalise-768x512.jpg 768w\" sizes=\"auto, (max-width: 900px) 100vw, 900px\" \/><\/figure>\n<\/div>\n\n\n\n<div class=\"wp-block-column is-vertically-aligned-center is-layout-flow wp-block-column-is-layout-flow\">\n<h3 class=\"wp-block-heading\">Choose from several types of accommodation<\/h3>\n\n\n\n<p>Spending your vacation in a mobile home always ensures maximum comfort.<br\/>If you prefer this type of accommodation, Camping Mas Llinas invites you to book yours now. We offer four types of mobile homes.<br\/>You can also opt for a stay in a chalet. We also offer serviced plots so that you can set up your own campsite on one of our pitches.<\/p>\n\n\n\n<p>With us, you&#8217;ll find<a href=\"https:\/\/www.mas-llinas.com\/hebergements\/\">accommodation <\/a>to suit your budget and your desires.<\/p>\n<\/div>\n<\/div>\n\n<div class=\"wp-block-columns is-layout-flex wp-container-core-columns-is-layout-28f84493 wp-block-columns-is-layout-flex\">\n<div class=\"wp-block-column is-layout-flow wp-block-column-is-layout-flow\" style=\"flex-basis:20%\"><\/div>\n\n\n\n<div class=\"wp-block-column has-background is-layout-flow wp-block-column-is-layout-flow\" style=\"background-color:#2ba0ab66;padding-top:var(--wp--preset--spacing--40);padding-right:var(--wp--preset--spacing--40);padding-bottom:var(--wp--preset--spacing--40);padding-left:var(--wp--preset--spacing--40)\">\n<h2 class=\"wp-block-heading has-text-align-center has-white-color has-text-color has-link-color wp-elements-57a79ada03ca73947216b18641b89937\">Benefit from an exceptional geographical location<\/h2>\n\n\n\n<p>Our campsite is nestled in an unspoilt natural environment at the foot of the Alb\u00e8res massif.<br\/>Camping Mas Llinas offers you a dream holiday in a place with rare tourist attractions.<br\/>On the campsite, we give priority to conviviality and a family atmosphere.<br\/>Our infrastructure enables everyone to indulge in their favorite pastime.<br\/>A variety of water sports and activities are available in the surrounding area.<br\/>You can also visit one of the nearby spas.<\/p>\n<\/div>\n\n\n\n<div class=\"wp-block-column is-layout-flow wp-block-column-is-layout-flow\" style=\"flex-basis:20%\"><\/div>\n<\/div>\n\t\t\t<div id=\"sevgallery-456734306\" class=\"sev-diaporama sev-diaporama-portfolio\">\n\t\t\t<div class=\"row\">\n\n\t\t\t\n\t\t\t\t\n\t\t\t\t<div class=\"sev-diaporama-portfolio-item col-12 col-sm  col-grow\">\n\t\t\t\t\t<a href=\"https:\/\/mas-llinas.com\/wp-content\/uploads\/2023\/12\/DSC02349-Personnalise.jpg\" data-lightbox=\"sevgallery-456734306\" style=\"background-image: url(https:\/\/mas-llinas.com\/wp-content\/uploads\/2023\/12\/DSC02349-Personnalise.jpg)\">\n\t\t\t\t\t\t<img decoding=\"async\" src=\"https:\/\/mas-llinas.com\/wp-content\/uploads\/2023\/12\/DSC02349-Personnalise.jpg\" alt=\"piscine le mas llinas\" loading=\"lazy\">\n\t\t\t\t\t<\/a>\n\t\t\t\t<\/div>\n\n\t\t\t\t\n\t\t\t\t\n\t\t\t\t\t\t\t\t\t\t\t\t\t\t\t\n\t\t\t\t\n\t\t\t\t<div class=\"sev-diaporama-portfolio-item col-12 col-sm  col-shrink\">\n\t\t\t\t\t<a href=\"https:\/\/mas-llinas.com\/wp-content\/uploads\/2024\/01\/9d915ef21a15.jpg\" data-lightbox=\"sevgallery-456734306\" style=\"background-image: url(https:\/\/mas-llinas.com\/wp-content\/uploads\/2024\/01\/9d915ef21a15.jpg)\">\n\t\t\t\t\t\t<img decoding=\"async\" src=\"https:\/\/mas-llinas.com\/wp-content\/uploads\/2024\/01\/9d915ef21a15.jpg\" alt=\"\" loading=\"lazy\">\n\t\t\t\t\t<\/a>\n\t\t\t\t<\/div>\n\n\t\t\t\t\t\t\t\t\t<div class=\"w-100 d-lg-none\"><\/div>\n\t\t\t\t\t\t\t\t\t\n\t\t\t\t\n\t\t\t\t\t\t\t\t\t\t\t\t\t\t\t\n\t\t\t\t\n\t\t\t\t<div class=\"sev-diaporama-portfolio-item col-12 col-sm  col-shrink\">\n\t\t\t\t\t<a href=\"https:\/\/mas-llinas.com\/wp-content\/uploads\/2023\/12\/DSC04013-Avec-accentuation-Bruit-Personnalise.jpg\" data-lightbox=\"sevgallery-456734306\" style=\"background-image: url(https:\/\/mas-llinas.com\/wp-content\/uploads\/2023\/12\/DSC04013-Avec-accentuation-Bruit-Personnalise.jpg)\">\n\t\t\t\t\t\t<img decoding=\"async\" src=\"https:\/\/mas-llinas.com\/wp-content\/uploads\/2023\/12\/DSC04013-Avec-accentuation-Bruit-Personnalise.jpg\" alt=\"animation au Mas Llinas\" loading=\"lazy\">\n\t\t\t\t\t<\/a>\n\t\t\t\t<\/div>\n\n\t\t\t\t\n\t\t\t\t\n\t\t\t\t\t\t\t\t\t\t\t\t\t\t\t\n\t\t\t\t\n\t\t\t\t<div class=\"sev-diaporama-portfolio-item col-12 col-sm  col-grow\">\n\t\t\t\t\t<a href=\"https:\/\/mas-llinas.com\/wp-content\/uploads\/2023\/12\/DSC04694-Personnalise.jpg\" data-lightbox=\"sevgallery-456734306\" style=\"background-image: url(https:\/\/mas-llinas.com\/wp-content\/uploads\/2023\/12\/DSC04694-Personnalise.jpg)\">\n\t\t\t\t\t\t<img decoding=\"async\" src=\"https:\/\/mas-llinas.com\/wp-content\/uploads\/2023\/12\/DSC04694-Personnalise.jpg\" alt=\"emplacement camping\" loading=\"lazy\">\n\t\t\t\t\t<\/a>\n\t\t\t\t<\/div>\n\n\t\t\t\t\t\t\t\t\t<div class=\"w-100 d-lg-none\"><\/div>\n\t\t\t\t\t\t\t\t\t\n\t\t\t\t\t\t\t\t\t<div class=\"w-100 d-none d-lg-block\"><\/div>\n\t\t\t\t\t\t\t\t\t\n\t\t\t\t\t\t\t\t\t\t\t\t\t\t\t\n\t\t\t\t\n\t\t\t\t<div class=\"sev-diaporama-portfolio-item col-12 col-sm  col-grow\">\n\t\t\t\t\t<a href=\"https:\/\/mas-llinas.com\/wp-content\/uploads\/2023\/12\/DSC04860-Personnalise.jpg\" data-lightbox=\"sevgallery-456734306\" style=\"background-image: url(https:\/\/mas-llinas.com\/wp-content\/uploads\/2023\/12\/DSC04860-Personnalise.jpg)\">\n\t\t\t\t\t\t<img decoding=\"async\" src=\"https:\/\/mas-llinas.com\/wp-content\/uploads\/2023\/12\/DSC04860-Personnalise.jpg\" alt=\"animation camping Pyr\u00e9n\u00e9es\" loading=\"lazy\">\n\t\t\t\t\t<\/a>\n\t\t\t\t<\/div>\n\n\t\t\t\t\n\t\t\t\t\n\t\t\t\t\t\t\t\t\t\t\t\t\t\t\t\n\t\t\t\t\n\t\t\t\t<div class=\"sev-diaporama-portfolio-item col-12 col-sm \">\n\t\t\t\t\t<a href=\"https:\/\/mas-llinas.com\/wp-content\/uploads\/2023\/12\/DSC02336-Personnalise.jpg\" data-lightbox=\"sevgallery-456734306\" style=\"background-image: url(https:\/\/mas-llinas.com\/wp-content\/uploads\/2023\/12\/DSC02336-Personnalise.jpg)\">\n\t\t\t\t\t\t<img decoding=\"async\" src=\"https:\/\/mas-llinas.com\/wp-content\/uploads\/2023\/12\/DSC02336-Personnalise.jpg\" alt=\"restaurant le mas llinas\" loading=\"lazy\">\n\t\t\t\t\t<\/a>\n\t\t\t\t<\/div>\n\n\t\t\t\t\t\t\t\t\t<div class=\"w-100 d-lg-none\"><\/div>\n\t\t\t\t\t\t\t\t\t\n\t\t\t\t\n\t\t\t\t\t\t\t\t\t\t\t\t\t\t\t\n\t\t\t\t\n\t\t\t\t<div class=\"sev-diaporama-portfolio-item col-12 col-sm  col-shrink\">\n\t\t\t\t\t<a href=\"https:\/\/mas-llinas.com\/wp-content\/uploads\/2023\/12\/DSC02392-Personnalise.jpg\" data-lightbox=\"sevgallery-456734306\" style=\"background-image: url(https:\/\/mas-llinas.com\/wp-content\/uploads\/2023\/12\/DSC02392-Personnalise.jpg)\">\n\t\t\t\t\t\t<img decoding=\"async\" src=\"https:\/\/mas-llinas.com\/wp-content\/uploads\/2023\/12\/DSC02392-Personnalise.jpg\" alt=\"mobil-home camping pyr\u00e9n\u00e9es\" loading=\"lazy\">\n\t\t\t\t\t<\/a>\n\t\t\t\t<\/div>\n\n\t\t\t\t\n\t\t\t\t\n\t\t\t\t\t\t\t\t\t\t\t\t\t\t\t\n\t\t\t\t\n\t\t\t\t<div class=\"sev-diaporama-portfolio-item col-12 col-sm \">\n\t\t\t\t\t<a href=\"https:\/\/mas-llinas.com\/wp-content\/uploads\/2023\/12\/DSC03904-Avec-accentuation-Bruit-Personnalise.jpg\" data-lightbox=\"sevgallery-456734306\" style=\"background-image: url(https:\/\/mas-llinas.com\/wp-content\/uploads\/2023\/12\/DSC03904-Avec-accentuation-Bruit-Personnalise.jpg)\">\n\t\t\t\t\t\t<img decoding=\"async\" src=\"https:\/\/mas-llinas.com\/wp-content\/uploads\/2023\/12\/DSC03904-Avec-accentuation-Bruit-Personnalise.jpg\" alt=\"animation au mas llinas\" loading=\"lazy\">\n\t\t\t\t\t<\/a>\n\t\t\t\t<\/div>\n\n\t\t\t\t\t\t\t\t\t<div class=\"w-100 d-lg-none\"><\/div>\n\t\t\t\t\t\t\t\t\t\n\t\t\t\t\t\t\t\t\t<div class=\"w-100 d-none d-lg-block\"><\/div>\n\t\t\t\t\t\t\t\t\t\n\t\t\t\t\t\t\t\t\t\t\t\t\t\t\t\n\t\t\t\t\n\t\t\t\t<div class=\"sev-diaporama-portfolio-item col-12 col-sm  col-grow\">\n\t\t\t\t\t<a href=\"https:\/\/mas-llinas.com\/wp-content\/uploads\/2023\/12\/DSC04277-Avec-accentuation-Bruit-Personnalise.jpg\" data-lightbox=\"sevgallery-456734306\" style=\"background-image: url(https:\/\/mas-llinas.com\/wp-content\/uploads\/2023\/12\/DSC04277-Avec-accentuation-Bruit-Personnalise.jpg)\">\n\t\t\t\t\t\t<img decoding=\"async\" src=\"https:\/\/mas-llinas.com\/wp-content\/uploads\/2023\/12\/DSC04277-Avec-accentuation-Bruit-Personnalise.jpg\" alt=\"animation au Mas Llinas\" loading=\"lazy\">\n\t\t\t\t\t<\/a>\n\t\t\t\t<\/div>\n\n\t\t\t\t\n\t\t\t\t\n\t\t\t\t\t\t\t\t\t\t\t\t\t\t\t\n\t\t\t\t\n\t\t\t\t<div class=\"sev-diaporama-portfolio-item col-12 col-sm  col-shrink\">\n\t\t\t\t\t<a href=\"https:\/\/mas-llinas.com\/wp-content\/uploads\/2024\/01\/69153056ae25.jpg\" data-lightbox=\"sevgallery-456734306\" style=\"background-image: url(https:\/\/mas-llinas.com\/wp-content\/uploads\/2024\/01\/69153056ae25.jpg)\">\n\t\t\t\t\t\t<img decoding=\"async\" src=\"https:\/\/mas-llinas.com\/wp-content\/uploads\/2024\/01\/69153056ae25.jpg\" alt=\"Camping calme et nature proche Perpignan\" loading=\"lazy\">\n\t\t\t\t\t<\/a>\n\t\t\t\t<\/div>\n\n\t\t\t\t\t\t\t\t\t<div class=\"w-100 d-lg-none\"><\/div>\n\t\t\t\t\t\t\t\t\t\n\t\t\t\t\n\t\t\t\t\t\t\t\t\t\t\t\t\t\t\t\t\t\t<\/div>\n\t\t\t<\/div>\n\n\t\t\t<script>\n\t\t\tjQuery(function($) {\n\n\t\t\t\tvar marginPortfolio = function() {\n\n\t\t\t\t\tvar $diapo          = $('#sevgallery-456734306');\n\t\t\t\t\tvar container_width = $diapo.parent().outerWidth();\n\t\t\t\t\tvar side            = ( $(window).innerWidth() - container_width ) \/ 2;\n\n\t\t\t\t\t$diapo.css( {\n\t\t\t\t\t\t'margin-left': '-' + side + 'px',\n\t\t\t\t\t\t'margin-right': '-' + side + 'px',\n\t\t\t\t\t} );\n\t\t\t\t};\n\n\t\t\t\t$( window ).resize( function() {\n\t\t\t\t\tmarginPortfolio();\n\t\t\t\t} );\n\t\t\t\tmarginPortfolio();\n\t\t\t});\n\t\t\t<\/script>\n\t\t\t\n","protected":false},"excerpt":{"rendered":"<p>Experience the best of camping holidays in the Pyr\u00e9n\u00e9es-Orientales The Pyr\u00e9n\u00e9es-Orientales is one of the leading destinations in the Languedoc-Roussillon-Midi Pyrenees region. Camping Mas Llinas offers you an excellent stay in the commune of Le Boulou. Camping Mas Llinas distinguishes itself from many other establishments through its accommodation options. We offer a range of options [&hellip;]<\/p>\n","protected":false},"author":3,"featured_media":0,"parent":0,"menu_order":0,"comment_status":"closed","ping_status":"closed","template":"","meta":{"_seopress_robots_primary_cat":"","_seopress_titles_title":"The spirit of the Mas Llinas campsite","_seopress_titles_desc":"Discover the spirit of the Mas Llinas campsite at Le Boulou in the Pyr\u00e9n\u00e9es Orientales.","_seopress_robots_index":"","footnotes":""},"class_list":["post-42577","page","type-page","status-publish","hentry"],"_links":{"self":[{"href":"https:\/\/mas-llinas.com\/en\/wp-json\/wp\/v2\/pages\/42577","targetHints":{"allow":["GET"]}}],"collection":[{"href":"https:\/\/mas-llinas.com\/en\/wp-json\/wp\/v2\/pages"}],"about":[{"href":"https:\/\/mas-llinas.com\/en\/wp-json\/wp\/v2\/types\/page"}],"author":[{"embeddable":true,"href":"https:\/\/mas-llinas.com\/en\/wp-json\/wp\/v2\/users\/3"}],"replies":[{"embeddable":true,"href":"https:\/\/mas-llinas.com\/en\/wp-json\/wp\/v2\/comments?post=42577"}],"version-history":[{"count":1,"href":"https:\/\/mas-llinas.com\/en\/wp-json\/wp\/v2\/pages\/42577\/revisions"}],"predecessor-version":[{"id":42579,"href":"https:\/\/mas-llinas.com\/en\/wp-json\/wp\/v2\/pages\/42577\/revisions\/42579"}],"wp:attachment":[{"href":"https:\/\/mas-llinas.com\/en\/wp-json\/wp\/v2\/media?parent=42577"}],"curies":[{"name":"wp","href":"https:\/\/api.w.org\/{rel}","templated":true}]}}