{"id":42620,"date":"2023-12-11T11:12:15","date_gmt":"2023-12-11T10:12:15","guid":{"rendered":"https:\/\/dev.mas-llinas.com\/actividades-de-ocio\/"},"modified":"2024-01-26T12:00:07","modified_gmt":"2024-01-26T11:00:07","slug":"actividades-de-ocio","status":"publish","type":"page","link":"https:\/\/mas-llinas.com\/es\/actividades-de-ocio\/","title":{"rendered":"Actividades de ocio"},"content":{"rendered":"\n<h2 class=\"wp-block-heading has-text-align-center\">Qu\u00e9 hacer cerca de Le Boulou<\/h2>\n\n<div class=\"wp-block-media-text is-stacked-on-mobile is-image-fill\" style=\"padding-top:var(--wp--preset--spacing--30);padding-right:0;padding-bottom:var(--wp--preset--spacing--30);padding-left:0\"><figure class=\"wp-block-media-text__media\" style=\"background-image:url(https:\/\/mas-llinas.com\/wp-content\/uploads\/2023\/12\/885ef9ca8617-1-1024x768.jpg);background-position:50% 50%\"><img loading=\"lazy\" decoding=\"async\" width=\"1024\" height=\"768\" src=\"https:\/\/mas-llinas.com\/wp-content\/uploads\/2023\/12\/885ef9ca8617-1-1024x768.jpg\" alt=\"\" class=\"wp-image-41881 size-full\" srcset=\"https:\/\/mas-llinas.com\/wp-content\/uploads\/2023\/12\/885ef9ca8617-1-1024x768.jpg 1024w, https:\/\/mas-llinas.com\/wp-content\/uploads\/2023\/12\/885ef9ca8617-1-300x225.jpg 300w, https:\/\/mas-llinas.com\/wp-content\/uploads\/2023\/12\/885ef9ca8617-1-768x576.jpg 768w, https:\/\/mas-llinas.com\/wp-content\/uploads\/2023\/12\/885ef9ca8617-1.jpg 1440w\" sizes=\"auto, (max-width: 1024px) 100vw, 1024px\" \/><\/figure><div class=\"wp-block-media-text__content\">\n<h3 class=\"wp-block-heading\">La Casa del Agua y el Mediterr\u00e1neo en Le Boulou <\/h3>\n\n\n\n<p>Venga a vivir un viaje inici\u00e1tico al coraz\u00f3n del Agua. Cinco zonas interactivas y divertidas le llevar\u00e1n a descubrir las m\u00faltiples facetas del agua. Comprender\u00e1 los problemas globales que plantea la conservaci\u00f3n y protecci\u00f3n del agua. Ya seas joven o mayor, novato o especialista, haz un viaje por el agua a trav\u00e9s del mundo, la historia y la ciencia. Exposici\u00f3n permanente, visitas guiadas y talleres infantiles.<\/p>\n\n\n\n<p>Enlace web : <a href=\"http:\/\/www.mem-leboulou.fr\/\" target=\"_blank\" rel=\"noreferrer noopener\">www.mem-leboulou.fr<\/a><\/p>\n\n\n\n<h3 class=\"wp-block-heading\">Lago de Saint Jean Pla de Corts<\/h3>\n\n\n\n<p>Situado a 3 km del camping Mas Llinas, en un entorno verde con la monta\u00f1a del Canigou como tel\u00f3n de fondo, en un entorno natural, el centro de ocio ofrece nataci\u00f3n vigilada, espacio para correr y caminar, as\u00ed como una amplia gama de actividades l\u00fadicas y deportivas. Usted y su familia tambi\u00e9n pueden aprovechar la base de esqu\u00ed acu\u00e1tico y su salto de agua.<br\/><a href=\"http:\/\/www.tsjwakepark.com\/\" target=\"_blank\" rel=\"noreferrer noopener\">Precios e informaci\u00f3n<\/a><\/p>\n<\/div><\/div>\n\n<div class=\"wp-block-media-text has-media-on-the-right is-stacked-on-mobile is-image-fill\" style=\"padding-top:var(--wp--preset--spacing--30);padding-bottom:var(--wp--preset--spacing--30)\"><div class=\"wp-block-media-text__content\">\n<h2 class=\"wp-block-heading\">Barranquismo en los Pirineos Orientales<\/h2>\n\n\n\n<p>Nuestro socio barranquista se encuentra en Ceret, a 7 km del camping Mas llinas.<br\/>En esta excursi\u00f3n de barranquismo, podr\u00e1 saltar a simas de 2 a 8 metros de profundidad, deslizarse por toboganes naturales y avanzar por el cauce del r\u00edo, donde le esperan pasajes ins\u00f3litos.<br\/>El ca\u00f1\u00f3n de Anelles se encuentra en Ceret, en el macizo de Alb\u00e8res.<br\/>Las gargantas de Llech se encuentran en Prades, al pie del Canig\u00f3.<br\/><a rel=\"noreferrer noopener\" href=\"http:\/\/www.canyoning-pyrenees-orientales.com\/\" target=\"_blank\">Nuestro socio de barranquismo en los Pirineos Orientales<\/a><\/p>\n\n\n\n<h2 class=\"wp-block-heading\">Jet ski<\/h2>\n\n\n\n<p>Situado en el puerto de Saint-Cyprien, cerca de Argel\u00e8s sur Mer (a 30 minutos del camping Mas Llinas), en los Pirineos Orientales (66), \u00a1para vivir las m\u00e1ximas emociones en el agua!<br\/>Nuestra flota de motos acu\u00e1ticas y nuestras m\u00e1quinas remolcadas le esperan para garantizarle emoci\u00f3n y diversi\u00f3n.<br\/><a rel=\"noreferrer noopener\" href=\"https:\/\/stcypjetevasion.fr\/\" target=\"_blank\">Precios e informaci\u00f3n<\/a><\/p>\n\n\n\n<p><strong>En las inmediaciones del camping Mas llinas hay numerosas actividades de ocio. En la recepci\u00f3n del camping hay folletos disponibles, donde estaremos encantados de ayudarle a encontrar lo que busca, ya sea deportivo o cultural.<\/strong><\/p>\n<\/div><figure class=\"wp-block-media-text__media\" style=\"background-image:url(https:\/\/mas-llinas.com\/wp-content\/uploads\/2023\/12\/gorges.jpg);background-position:55% 100%\"><img loading=\"lazy\" decoding=\"async\" width=\"800\" height=\"600\" src=\"https:\/\/mas-llinas.com\/wp-content\/uploads\/2023\/12\/gorges.jpg\" alt=\"\" class=\"wp-image-41882 size-full\" srcset=\"https:\/\/mas-llinas.com\/wp-content\/uploads\/2023\/12\/gorges.jpg 800w, https:\/\/mas-llinas.com\/wp-content\/uploads\/2023\/12\/gorges-300x225.jpg 300w, https:\/\/mas-llinas.com\/wp-content\/uploads\/2023\/12\/gorges-768x576.jpg 768w\" sizes=\"auto, (max-width: 800px) 100vw, 800px\" \/><\/figure><\/div>\n\t\t\t<div id=\"sevgallery-19020511\" class=\"sev-diaporama sev-diaporama-portfolio\">\n\t\t\t<div class=\"row\">\n\n\t\t\t\n\t\t\t\t\n\t\t\t\t<div class=\"sev-diaporama-portfolio-item col-12 col-sm  col-shrink\">\n\t\t\t\t\t<a href=\"https:\/\/mas-llinas.com\/wp-content\/uploads\/2023\/12\/15072021-3820-2546-max-640x480-1.jpg\" data-lightbox=\"sevgallery-19020511\" style=\"background-image: url(https:\/\/mas-llinas.com\/wp-content\/uploads\/2023\/12\/15072021-3820-2546-max-640x480-1.jpg)\">\n\t\t\t\t\t\t<img decoding=\"async\" src=\"https:\/\/mas-llinas.com\/wp-content\/uploads\/2023\/12\/15072021-3820-2546-max-640x480-1.jpg\" alt=\"base de loisirs proche mas llinas\" loading=\"lazy\">\n\t\t\t\t\t<\/a>\n\t\t\t\t<\/div>\n\n\t\t\t\t\n\t\t\t\t\n\t\t\t\t\t\t\t\t\t\t\t\t\t\t\t\n\t\t\t\t\n\t\t\t\t<div class=\"sev-diaporama-portfolio-item col-12 col-sm \">\n\t\t\t\t\t<a href=\"https:\/\/mas-llinas.com\/wp-content\/uploads\/2023\/12\/maison-de-leau1.jpg\" data-lightbox=\"sevgallery-19020511\" style=\"background-image: url(https:\/\/mas-llinas.com\/wp-content\/uploads\/2023\/12\/maison-de-leau1.jpg)\">\n\t\t\t\t\t\t<img decoding=\"async\" src=\"https:\/\/mas-llinas.com\/wp-content\/uploads\/2023\/12\/maison-de-leau1.jpg\" alt=\"maison de l&#039;eau\" loading=\"lazy\">\n\t\t\t\t\t<\/a>\n\t\t\t\t<\/div>\n\n\t\t\t\t\t\t\t\t\t<div class=\"w-100 d-lg-none\"><\/div>\n\t\t\t\t\t\t\t\t\t\n\t\t\t\t\n\t\t\t\t\t\t\t\t\t\t\t\t\t\t\t\n\t\t\t\t\n\t\t\t\t<div class=\"sev-diaporama-portfolio-item col-12 col-sm  col-grow\">\n\t\t\t\t\t<a href=\"https:\/\/mas-llinas.com\/wp-content\/uploads\/2023\/12\/01-images-teleski-Saint-jean-kneeboard-wake-park-ski-cable-pyrenees-orientales-66-1.jpg\" data-lightbox=\"sevgallery-19020511\" style=\"background-image: url(https:\/\/mas-llinas.com\/wp-content\/uploads\/2023\/12\/01-images-teleski-Saint-jean-kneeboard-wake-park-ski-cable-pyrenees-orientales-66-1.jpg)\">\n\t\t\t\t\t\t<img decoding=\"async\" src=\"https:\/\/mas-llinas.com\/wp-content\/uploads\/2023\/12\/01-images-teleski-Saint-jean-kneeboard-wake-park-ski-cable-pyrenees-orientales-66-1.jpg\" alt=\"base de loisirs saint jean\" loading=\"lazy\">\n\t\t\t\t\t<\/a>\n\t\t\t\t<\/div>\n\n\t\t\t\t\n\t\t\t\t\t\t\t\t\t<div class=\"w-100 d-none d-lg-block\"><\/div>\n\t\t\t\t\t\t\t\t\t\n\t\t\t\t\t\t\t\t\t\t\t\t\t\t\t\n\t\t\t\t\n\t\t\t\t<div class=\"sev-diaporama-portfolio-item col-12 col-sm  col-shrink\">\n\t\t\t\t\t<a href=\"https:\/\/mas-llinas.com\/wp-content\/uploads\/2023\/12\/maison-de-leau-2.jpg\" data-lightbox=\"sevgallery-19020511\" style=\"background-image: url(https:\/\/mas-llinas.com\/wp-content\/uploads\/2023\/12\/maison-de-leau-2.jpg)\">\n\t\t\t\t\t\t<img decoding=\"async\" src=\"https:\/\/mas-llinas.com\/wp-content\/uploads\/2023\/12\/maison-de-leau-2.jpg\" alt=\"maison de l&#039;eau\" loading=\"lazy\">\n\t\t\t\t\t<\/a>\n\t\t\t\t<\/div>\n\n\t\t\t\t\t\t\t\t\t<div class=\"w-100 d-lg-none\"><\/div>\n\t\t\t\t\t\t\t\t\t\n\t\t\t\t\n\t\t\t\t\t\t\t\t\t\t\t\t\t\t\t\n\t\t\t\t\n\t\t\t\t<div class=\"sev-diaporama-portfolio-item col-12 col-sm  col-shrink\">\n\t\t\t\t\t<a href=\"https:\/\/mas-llinas.com\/wp-content\/uploads\/2023\/12\/base-de-loisirs.jpg\" data-lightbox=\"sevgallery-19020511\" style=\"background-image: url(https:\/\/mas-llinas.com\/wp-content\/uploads\/2023\/12\/base-de-loisirs.jpg)\">\n\t\t\t\t\t\t<img decoding=\"async\" src=\"https:\/\/mas-llinas.com\/wp-content\/uploads\/2023\/12\/base-de-loisirs.jpg\" alt=\"base de loisirs proche mas llinas\" loading=\"lazy\">\n\t\t\t\t\t<\/a>\n\t\t\t\t<\/div>\n\n\t\t\t\t\n\t\t\t\t\n\t\t\t\t\t\t\t\t\t\t\t\t\t\t\t\t\t\t<\/div>\n\t\t\t<\/div>\n\n\t\t\t<script>\n\t\t\tjQuery(function($) {\n\n\t\t\t\tvar marginPortfolio = function() {\n\n\t\t\t\t\tvar $diapo          = $('#sevgallery-19020511');\n\t\t\t\t\tvar container_width = $diapo.parent().outerWidth();\n\t\t\t\t\tvar side            = ( $(window).innerWidth() - container_width ) \/ 2;\n\n\t\t\t\t\t$diapo.css( {\n\t\t\t\t\t\t'margin-left': '-' + side + 'px',\n\t\t\t\t\t\t'margin-right': '-' + side + 'px',\n\t\t\t\t\t} );\n\t\t\t\t};\n\n\t\t\t\t$( window ).resize( function() {\n\t\t\t\t\tmarginPortfolio();\n\t\t\t\t} );\n\t\t\t\tmarginPortfolio();\n\t\t\t});\n\t\t\t<\/script>\n\t\t\t\n","protected":false},"excerpt":{"rendered":"<p>Qu\u00e9 hacer cerca de Le Boulou La Casa del Agua y el Mediterr\u00e1neo en Le Boulou Venga a vivir un viaje inici\u00e1tico al coraz\u00f3n del Agua. Cinco zonas interactivas y divertidas le llevar\u00e1n a descubrir las m\u00faltiples facetas del agua. Comprender\u00e1 los problemas globales que plantea la conservaci\u00f3n y protecci\u00f3n del agua. Ya seas joven [&hellip;]<\/p>\n","protected":false},"author":3,"featured_media":0,"parent":0,"menu_order":0,"comment_status":"closed","ping_status":"closed","template":"","meta":{"_seopress_robots_primary_cat":"","_seopress_titles_title":"Actividades de ocio cerca del camping","_seopress_titles_desc":"Hay muchas cosas que hacer en los alrededores del camping Mas Llinas, as\u00ed que no tardes en descubrirlas.","_seopress_robots_index":"","footnotes":""},"class_list":["post-42620","page","type-page","status-publish","hentry"],"_links":{"self":[{"href":"https:\/\/mas-llinas.com\/es\/wp-json\/wp\/v2\/pages\/42620","targetHints":{"allow":["GET"]}}],"collection":[{"href":"https:\/\/mas-llinas.com\/es\/wp-json\/wp\/v2\/pages"}],"about":[{"href":"https:\/\/mas-llinas.com\/es\/wp-json\/wp\/v2\/types\/page"}],"author":[{"embeddable":true,"href":"https:\/\/mas-llinas.com\/es\/wp-json\/wp\/v2\/users\/3"}],"replies":[{"embeddable":true,"href":"https:\/\/mas-llinas.com\/es\/wp-json\/wp\/v2\/comments?post=42620"}],"version-history":[{"count":1,"href":"https:\/\/mas-llinas.com\/es\/wp-json\/wp\/v2\/pages\/42620\/revisions"}],"predecessor-version":[{"id":42621,"href":"https:\/\/mas-llinas.com\/es\/wp-json\/wp\/v2\/pages\/42620\/revisions\/42621"}],"wp:attachment":[{"href":"https:\/\/mas-llinas.com\/es\/wp-json\/wp\/v2\/media?parent=42620"}],"curies":[{"name":"wp","href":"https:\/\/api.w.org\/{rel}","templated":true}]}}