{"id":42640,"date":"2023-12-08T16:58:36","date_gmt":"2023-12-08T15:58:36","guid":{"rendered":"https:\/\/dev.mas-llinas.com\/el-estado-de-animo-del-camping\/"},"modified":"2024-01-26T14:24:22","modified_gmt":"2024-01-26T13:24:22","slug":"el-estado-de-animo-del-camping","status":"publish","type":"page","link":"https:\/\/mas-llinas.com\/es\/el-estado-de-animo-del-camping\/","title":{"rendered":"El estado de \u00e1nimo del camping"},"content":{"rendered":"\n<h2 class=\"wp-block-heading has-text-align-center\">Las mejores vacaciones de camping en los Pirineos Orientales<\/h2>\n\n\n\n<p>Los Pirineos Orientales son uno de los principales destinos de la regi\u00f3n Languedoc-Rosell\u00f3n-Midi-Pirineos. El camping Mas Llinas le ofrece una excelente estancia en la comuna de Le Boulou.<\/p>\n\n\n\n<p>El Camping Mas Llinas se distingue de muchos otros establecimientos por sus posibilidades de alojamiento. Le ofrecemos diversas opciones para que disfrute al m\u00e1ximo de su estancia.  <\/p>\n\n\n\n<div class=\"wp-block-columns are-vertically-aligned-center is-layout-flex wp-container-core-columns-is-layout-28f84493 wp-block-columns-is-layout-flex\">\n<div class=\"wp-block-column is-vertically-aligned-center is-layout-flow wp-block-column-is-layout-flow\">\n<figure class=\"wp-block-image aligncenter size-full is-resized\"><img loading=\"lazy\" decoding=\"async\" width=\"900\" height=\"600\" src=\"https:\/\/mas-llinas.com\/wp-content\/uploads\/2023\/12\/DSC02383-Personnalise.jpg\" alt=\"\" class=\"wp-image-41948\" style=\"width:554px;height:auto\" srcset=\"https:\/\/mas-llinas.com\/wp-content\/uploads\/2023\/12\/DSC02383-Personnalise.jpg 900w, https:\/\/mas-llinas.com\/wp-content\/uploads\/2023\/12\/DSC02383-Personnalise-300x200.jpg 300w, https:\/\/mas-llinas.com\/wp-content\/uploads\/2023\/12\/DSC02383-Personnalise-768x512.jpg 768w\" sizes=\"auto, (max-width: 900px) 100vw, 900px\" \/><\/figure>\n<\/div>\n\n\n\n<div class=\"wp-block-column is-vertically-aligned-center is-layout-flow wp-block-column-is-layout-flow\">\n<h3 class=\"wp-block-heading\">Elija entre varios tipos de alojamiento<\/h3>\n\n\n\n<p>Pasar las vacaciones en una autocaravana siempre garantiza el m\u00e1ximo confort.<br>Si prefiere este tipo de alojamiento, Camping Mas Llinas le invita a reservar el suyo ahora. Ofrecemos cuatro tipos de autocaravanas.<br>Tambi\u00e9n puede optar por alojarse en un chalet. Tambi\u00e9n ofrecemos parcelas con servicios para que pueda instalar su propio camping en una de nuestras parcelas.<\/p>\n\n\n\n<p>Con nosotros encontrar\u00e1 un <a href=\"https:\/\/mas-llinas.com\/es\/alojamiento\/\" data-type=\"page\" data-id=\"42638\">alojamiento <\/a>adaptado a su presupuesto y a sus deseos.<\/p>\n<\/div>\n<\/div>\n\n\n\n<div class=\"wp-block-columns is-layout-flex wp-container-core-columns-is-layout-28f84493 wp-block-columns-is-layout-flex\">\n<div class=\"wp-block-column is-layout-flow wp-block-column-is-layout-flow\" style=\"flex-basis:20%\"><\/div>\n\n\n\n<div class=\"wp-block-column has-background is-layout-flow wp-block-column-is-layout-flow\" style=\"background-color:#2ba0ab66;padding-top:var(--wp--preset--spacing--40);padding-right:var(--wp--preset--spacing--40);padding-bottom:var(--wp--preset--spacing--40);padding-left:var(--wp--preset--spacing--40)\">\n<h2 class=\"wp-block-heading has-text-align-center has-white-color has-text-color has-link-color wp-elements-53ab0f0f0fba552a39f5affe3f6bbb81\">Aprovechar una situaci\u00f3n geogr\u00e1fica excepcional<\/h2>\n\n\n\n<p>Nuestro camping se encuentra en un entorno natural intacto, al pie de la cadena monta\u00f1osa de Alb\u00e8res.<br>El camping Mas Llinas le ofrece unas vacaciones de ensue\u00f1o en una zona de escasos atractivos tur\u00edsticos.<br>En el camping, favorecemos un ambiente familiar y acogedor.<br>Nuestras instalaciones permiten a todo el mundo disfrutar de su pasatiempo favorito.<br>En los alrededores se pueden practicar diversos deportes y actividades acu\u00e1ticas.<br>Tambi\u00e9n puede visitar uno de los balnearios cercanos.<\/p>\n<\/div>\n\n\n\n<div class=\"wp-block-column is-layout-flow wp-block-column-is-layout-flow\" style=\"flex-basis:20%\"><\/div>\n<\/div>\n\n\n\t\t\t<div id=\"sevgallery-172671223\" class=\"sev-diaporama sev-diaporama-portfolio\">\n\t\t\t<div class=\"row\">\n\n\t\t\t\n\t\t\t\t\n\t\t\t\t<div class=\"sev-diaporama-portfolio-item col-12 col-sm \">\n\t\t\t\t\t<a href=\"https:\/\/mas-llinas.com\/wp-content\/uploads\/2023\/12\/DSC02349-Personnalise.jpg\" data-lightbox=\"sevgallery-172671223\" style=\"background-image: url(https:\/\/mas-llinas.com\/wp-content\/uploads\/2023\/12\/DSC02349-Personnalise.jpg)\">\n\t\t\t\t\t\t<img decoding=\"async\" src=\"https:\/\/mas-llinas.com\/wp-content\/uploads\/2023\/12\/DSC02349-Personnalise.jpg\" alt=\"piscine le mas llinas\" loading=\"lazy\">\n\t\t\t\t\t<\/a>\n\t\t\t\t<\/div>\n\n\t\t\t\t\n\t\t\t\t\n\t\t\t\t\t\t\t\t\t\t\t\t\t\t\t\n\t\t\t\t\n\t\t\t\t<div class=\"sev-diaporama-portfolio-item col-12 col-sm  col-shrink\">\n\t\t\t\t\t<a href=\"https:\/\/mas-llinas.com\/wp-content\/uploads\/2024\/01\/9d915ef21a15.jpg\" data-lightbox=\"sevgallery-172671223\" style=\"background-image: url(https:\/\/mas-llinas.com\/wp-content\/uploads\/2024\/01\/9d915ef21a15.jpg)\">\n\t\t\t\t\t\t<img decoding=\"async\" src=\"https:\/\/mas-llinas.com\/wp-content\/uploads\/2024\/01\/9d915ef21a15.jpg\" alt=\"\" loading=\"lazy\">\n\t\t\t\t\t<\/a>\n\t\t\t\t<\/div>\n\n\t\t\t\t\t\t\t\t\t<div class=\"w-100 d-lg-none\"><\/div>\n\t\t\t\t\t\t\t\t\t\n\t\t\t\t\n\t\t\t\t\t\t\t\t\t\t\t\t\t\t\t\n\t\t\t\t\n\t\t\t\t<div class=\"sev-diaporama-portfolio-item col-12 col-sm  col-shrink\">\n\t\t\t\t\t<a href=\"https:\/\/mas-llinas.com\/wp-content\/uploads\/2023\/12\/DSC04013-Avec-accentuation-Bruit-Personnalise.jpg\" data-lightbox=\"sevgallery-172671223\" style=\"background-image: url(https:\/\/mas-llinas.com\/wp-content\/uploads\/2023\/12\/DSC04013-Avec-accentuation-Bruit-Personnalise.jpg)\">\n\t\t\t\t\t\t<img decoding=\"async\" src=\"https:\/\/mas-llinas.com\/wp-content\/uploads\/2023\/12\/DSC04013-Avec-accentuation-Bruit-Personnalise.jpg\" alt=\"animation au Mas Llinas\" loading=\"lazy\">\n\t\t\t\t\t<\/a>\n\t\t\t\t<\/div>\n\n\t\t\t\t\n\t\t\t\t\n\t\t\t\t\t\t\t\t\t\t\t\t\t\t\t\n\t\t\t\t\n\t\t\t\t<div class=\"sev-diaporama-portfolio-item col-12 col-sm  col-grow\">\n\t\t\t\t\t<a href=\"https:\/\/mas-llinas.com\/wp-content\/uploads\/2023\/12\/DSC04694-Personnalise.jpg\" data-lightbox=\"sevgallery-172671223\" style=\"background-image: url(https:\/\/mas-llinas.com\/wp-content\/uploads\/2023\/12\/DSC04694-Personnalise.jpg)\">\n\t\t\t\t\t\t<img decoding=\"async\" src=\"https:\/\/mas-llinas.com\/wp-content\/uploads\/2023\/12\/DSC04694-Personnalise.jpg\" alt=\"emplacement camping\" loading=\"lazy\">\n\t\t\t\t\t<\/a>\n\t\t\t\t<\/div>\n\n\t\t\t\t\t\t\t\t\t<div class=\"w-100 d-lg-none\"><\/div>\n\t\t\t\t\t\t\t\t\t\n\t\t\t\t\t\t\t\t\t<div class=\"w-100 d-none d-lg-block\"><\/div>\n\t\t\t\t\t\t\t\t\t\n\t\t\t\t\t\t\t\t\t\t\t\t\t\t\t\n\t\t\t\t\n\t\t\t\t<div class=\"sev-diaporama-portfolio-item col-12 col-sm \">\n\t\t\t\t\t<a href=\"https:\/\/mas-llinas.com\/wp-content\/uploads\/2023\/12\/DSC04860-Personnalise.jpg\" data-lightbox=\"sevgallery-172671223\" style=\"background-image: url(https:\/\/mas-llinas.com\/wp-content\/uploads\/2023\/12\/DSC04860-Personnalise.jpg)\">\n\t\t\t\t\t\t<img decoding=\"async\" src=\"https:\/\/mas-llinas.com\/wp-content\/uploads\/2023\/12\/DSC04860-Personnalise.jpg\" alt=\"animation camping Pyr\u00e9n\u00e9es\" loading=\"lazy\">\n\t\t\t\t\t<\/a>\n\t\t\t\t<\/div>\n\n\t\t\t\t\n\t\t\t\t\n\t\t\t\t\t\t\t\t\t\t\t\t\t\t\t\n\t\t\t\t\n\t\t\t\t<div class=\"sev-diaporama-portfolio-item col-12 col-sm \">\n\t\t\t\t\t<a href=\"https:\/\/mas-llinas.com\/wp-content\/uploads\/2023\/12\/DSC02336-Personnalise.jpg\" data-lightbox=\"sevgallery-172671223\" style=\"background-image: url(https:\/\/mas-llinas.com\/wp-content\/uploads\/2023\/12\/DSC02336-Personnalise.jpg)\">\n\t\t\t\t\t\t<img decoding=\"async\" src=\"https:\/\/mas-llinas.com\/wp-content\/uploads\/2023\/12\/DSC02336-Personnalise.jpg\" alt=\"restaurant le mas llinas\" loading=\"lazy\">\n\t\t\t\t\t<\/a>\n\t\t\t\t<\/div>\n\n\t\t\t\t\t\t\t\t\t<div class=\"w-100 d-lg-none\"><\/div>\n\t\t\t\t\t\t\t\t\t\n\t\t\t\t\n\t\t\t\t\t\t\t\t\t\t\t\t\t\t\t\n\t\t\t\t\n\t\t\t\t<div class=\"sev-diaporama-portfolio-item col-12 col-sm  col-grow\">\n\t\t\t\t\t<a href=\"https:\/\/mas-llinas.com\/wp-content\/uploads\/2023\/12\/DSC02392-Personnalise.jpg\" data-lightbox=\"sevgallery-172671223\" style=\"background-image: url(https:\/\/mas-llinas.com\/wp-content\/uploads\/2023\/12\/DSC02392-Personnalise.jpg)\">\n\t\t\t\t\t\t<img decoding=\"async\" src=\"https:\/\/mas-llinas.com\/wp-content\/uploads\/2023\/12\/DSC02392-Personnalise.jpg\" alt=\"mobil-home camping pyr\u00e9n\u00e9es\" loading=\"lazy\">\n\t\t\t\t\t<\/a>\n\t\t\t\t<\/div>\n\n\t\t\t\t\n\t\t\t\t\n\t\t\t\t\t\t\t\t\t\t\t\t\t\t\t\n\t\t\t\t\n\t\t\t\t<div class=\"sev-diaporama-portfolio-item col-12 col-sm \">\n\t\t\t\t\t<a href=\"https:\/\/mas-llinas.com\/wp-content\/uploads\/2023\/12\/DSC03904-Avec-accentuation-Bruit-Personnalise.jpg\" data-lightbox=\"sevgallery-172671223\" style=\"background-image: url(https:\/\/mas-llinas.com\/wp-content\/uploads\/2023\/12\/DSC03904-Avec-accentuation-Bruit-Personnalise.jpg)\">\n\t\t\t\t\t\t<img decoding=\"async\" src=\"https:\/\/mas-llinas.com\/wp-content\/uploads\/2023\/12\/DSC03904-Avec-accentuation-Bruit-Personnalise.jpg\" alt=\"animation au mas llinas\" loading=\"lazy\">\n\t\t\t\t\t<\/a>\n\t\t\t\t<\/div>\n\n\t\t\t\t\t\t\t\t\t<div class=\"w-100 d-lg-none\"><\/div>\n\t\t\t\t\t\t\t\t\t\n\t\t\t\t\t\t\t\t\t<div class=\"w-100 d-none d-lg-block\"><\/div>\n\t\t\t\t\t\t\t\t\t\n\t\t\t\t\t\t\t\t\t\t\t\t\t\t\t\n\t\t\t\t\n\t\t\t\t<div class=\"sev-diaporama-portfolio-item col-12 col-sm \">\n\t\t\t\t\t<a href=\"https:\/\/mas-llinas.com\/wp-content\/uploads\/2023\/12\/DSC04277-Avec-accentuation-Bruit-Personnalise.jpg\" data-lightbox=\"sevgallery-172671223\" style=\"background-image: url(https:\/\/mas-llinas.com\/wp-content\/uploads\/2023\/12\/DSC04277-Avec-accentuation-Bruit-Personnalise.jpg)\">\n\t\t\t\t\t\t<img decoding=\"async\" src=\"https:\/\/mas-llinas.com\/wp-content\/uploads\/2023\/12\/DSC04277-Avec-accentuation-Bruit-Personnalise.jpg\" alt=\"animation au Mas Llinas\" loading=\"lazy\">\n\t\t\t\t\t<\/a>\n\t\t\t\t<\/div>\n\n\t\t\t\t\n\t\t\t\t\n\t\t\t\t\t\t\t\t\t\t\t\t\t\t\t\n\t\t\t\t\n\t\t\t\t<div class=\"sev-diaporama-portfolio-item col-12 col-sm  col-grow\">\n\t\t\t\t\t<a href=\"https:\/\/mas-llinas.com\/wp-content\/uploads\/2024\/01\/69153056ae25.jpg\" data-lightbox=\"sevgallery-172671223\" style=\"background-image: url(https:\/\/mas-llinas.com\/wp-content\/uploads\/2024\/01\/69153056ae25.jpg)\">\n\t\t\t\t\t\t<img decoding=\"async\" src=\"https:\/\/mas-llinas.com\/wp-content\/uploads\/2024\/01\/69153056ae25.jpg\" alt=\"Camping calme et nature proche Perpignan\" loading=\"lazy\">\n\t\t\t\t\t<\/a>\n\t\t\t\t<\/div>\n\n\t\t\t\t\t\t\t\t\t<div class=\"w-100 d-lg-none\"><\/div>\n\t\t\t\t\t\t\t\t\t\n\t\t\t\t\n\t\t\t\t\t\t\t\t\t\t\t\t\t\t\t\t\t\t<\/div>\n\t\t\t<\/div>\n\n\t\t\t<script>\n\t\t\tjQuery(function($) {\n\n\t\t\t\tvar marginPortfolio = function() {\n\n\t\t\t\t\tvar $diapo          = $('#sevgallery-172671223');\n\t\t\t\t\tvar container_width = $diapo.parent().outerWidth();\n\t\t\t\t\tvar side            = ( $(window).innerWidth() - container_width ) \/ 2;\n\n\t\t\t\t\t$diapo.css( {\n\t\t\t\t\t\t'margin-left': '-' + side + 'px',\n\t\t\t\t\t\t'margin-right': '-' + side + 'px',\n\t\t\t\t\t} );\n\t\t\t\t};\n\n\t\t\t\t$( window ).resize( function() {\n\t\t\t\t\tmarginPortfolio();\n\t\t\t\t} );\n\t\t\t\tmarginPortfolio();\n\t\t\t});\n\t\t\t<\/script>\n\t\t\t\n","protected":false},"excerpt":{"rendered":"<p>Las mejores vacaciones de camping en los Pirineos Orientales Los Pirineos Orientales son uno de los principales destinos de la regi\u00f3n Languedoc-Rosell\u00f3n-Midi-Pirineos. El camping Mas Llinas le ofrece una excelente estancia en la comuna de Le Boulou. El Camping Mas Llinas se distingue de muchos otros establecimientos por sus posibilidades de alojamiento. Le ofrecemos diversas [&hellip;]<\/p>\n","protected":false},"author":3,"featured_media":0,"parent":0,"menu_order":0,"comment_status":"closed","ping_status":"closed","template":"","meta":{"_seopress_robots_primary_cat":"","_seopress_titles_title":"El esp\u00edritu del camping le Mas Llinas","_seopress_titles_desc":"Descubra el esp\u00edritu del camping Mas Llinas en Le Boulou, en los Pirineos Orientales.","_seopress_robots_index":"","footnotes":""},"class_list":["post-42640","page","type-page","status-publish","hentry"],"_links":{"self":[{"href":"https:\/\/mas-llinas.com\/es\/wp-json\/wp\/v2\/pages\/42640","targetHints":{"allow":["GET"]}}],"collection":[{"href":"https:\/\/mas-llinas.com\/es\/wp-json\/wp\/v2\/pages"}],"about":[{"href":"https:\/\/mas-llinas.com\/es\/wp-json\/wp\/v2\/types\/page"}],"author":[{"embeddable":true,"href":"https:\/\/mas-llinas.com\/es\/wp-json\/wp\/v2\/users\/3"}],"replies":[{"embeddable":true,"href":"https:\/\/mas-llinas.com\/es\/wp-json\/wp\/v2\/comments?post=42640"}],"version-history":[{"count":2,"href":"https:\/\/mas-llinas.com\/es\/wp-json\/wp\/v2\/pages\/42640\/revisions"}],"predecessor-version":[{"id":42786,"href":"https:\/\/mas-llinas.com\/es\/wp-json\/wp\/v2\/pages\/42640\/revisions\/42786"}],"wp:attachment":[{"href":"https:\/\/mas-llinas.com\/es\/wp-json\/wp\/v2\/media?parent=42640"}],"curies":[{"name":"wp","href":"https:\/\/api.w.org\/{rel}","templated":true}]}}