{"id":42642,"date":"2023-12-11T10:49:23","date_gmt":"2023-12-11T09:49:23","guid":{"rendered":"https:\/\/dev.mas-llinas.com\/las-actividades\/"},"modified":"2024-01-26T12:12:08","modified_gmt":"2024-01-26T11:12:08","slug":"las-actividades","status":"publish","type":"page","link":"https:\/\/mas-llinas.com\/es\/las-actividades\/","title":{"rendered":"Las actividades"},"content":{"rendered":"\n<div class=\"wp-block-media-text has-media-on-the-right is-stacked-on-mobile is-image-fill\"><div class=\"wp-block-media-text__content\">\n<div style=\"height:27px\" aria-hidden=\"true\" class=\"wp-block-spacer\"><\/div>\n\n\n\n<div style=\"height:39px\" aria-hidden=\"true\" class=\"wp-block-spacer\"><\/div>\n\n\n\n<h2 class=\"wp-block-heading\">El parque infantil<\/h2>\n\n\n\n<p>El camping Mas Llinas dispone de una zona de juegos para ni\u00f1os (columpio y casa en el \u00e1rbol con tobog\u00e1n). Tambi\u00e9n cuenta con una pista polideportiva para adolescentes (f\u00fatbol, baloncesto y balonmano).<\/p>\n\n\n\n<p>2 pistas de petanca a su disposici\u00f3n para pasar un rato agradable en el camping Mas Llinas.<\/p>\n\n\n\n<p>En el camping tambi\u00e9n hay una mesa de ping-pong.<\/p>\n\n\n\n<div style=\"height:39px\" aria-hidden=\"true\" class=\"wp-block-spacer\"><\/div>\n\n\n\n<div style=\"height:27px\" aria-hidden=\"true\" class=\"wp-block-spacer\"><\/div>\n<\/div><figure class=\"wp-block-media-text__media\" style=\"background-image:url(https:\/\/mas-llinas.com\/wp-content\/uploads\/2024\/01\/IMG-20240110-WA0010-Personnalise.jpg);background-position:56% 45%\"><img loading=\"lazy\" decoding=\"async\" width=\"675\" height=\"900\" src=\"https:\/\/mas-llinas.com\/wp-content\/uploads\/2024\/01\/IMG-20240110-WA0010-Personnalise.jpg\" alt=\"\" class=\"wp-image-42424 size-full\" srcset=\"https:\/\/mas-llinas.com\/wp-content\/uploads\/2024\/01\/IMG-20240110-WA0010-Personnalise.jpg 675w, https:\/\/mas-llinas.com\/wp-content\/uploads\/2024\/01\/IMG-20240110-WA0010-Personnalise-225x300.jpg 225w\" sizes=\"auto, (max-width: 675px) 100vw, 675px\" \/><\/figure><\/div>\n\n<div class=\"wp-block-media-text is-stacked-on-mobile is-image-fill\"><figure class=\"wp-block-media-text__media\" style=\"background-image:url(https:\/\/mas-llinas.com\/wp-content\/uploads\/2023\/12\/DSC04860-Personnalise.jpg);background-position:50% 50%\"><img loading=\"lazy\" decoding=\"async\" width=\"900\" height=\"600\" src=\"https:\/\/mas-llinas.com\/wp-content\/uploads\/2023\/12\/DSC04860-Personnalise.jpg\" alt=\"animaci\u00f3n camping Pirineos\" class=\"wp-image-41967 size-full\" srcset=\"https:\/\/mas-llinas.com\/wp-content\/uploads\/2023\/12\/DSC04860-Personnalise.jpg 900w, https:\/\/mas-llinas.com\/wp-content\/uploads\/2023\/12\/DSC04860-Personnalise-300x200.jpg 300w, https:\/\/mas-llinas.com\/wp-content\/uploads\/2023\/12\/DSC04860-Personnalise-768x512.jpg 768w\" sizes=\"auto, (max-width: 900px) 100vw, 900px\" \/><\/figure><div class=\"wp-block-media-text__content\">\n<div style=\"height:30px\" aria-hidden=\"true\" class=\"wp-block-spacer\"><\/div>\n\n\n\n<h2 class=\"wp-block-heading\">Actividades<\/h2>\n\n\n\n<p>Todos los domingos por la noche, nos reunimos en el bar del Mas Llinas para tomar una copa de bienvenida, conocer al equipo del camping e informarnos sobre el programa de la semana.<br\/>Todos los domingos por la noche (julio y agosto) : Loter\u00eda o Karaoke<br\/>Todos los martes: a partir de las 10.00 h: Taller l\u00fadico para ni\u00f1os dirigido por C\u00e9line<br\/>Martes por la noche: tarde de mejillones y patatas fritas o tarde de piscina<br\/>Jueves por la noche: velada tem\u00e1tica con comida (paella, fidewa o gambas con pollo).<\/p>\n\n\n\n<p>Puede elegir entre varios temas para pasar unas agradables vacaciones en el camping Le Mas Llinas:<br\/>Fiesta en la piscina<br\/>Noche fluorescente<\/p>\n\n\n\n<div style=\"height:30px\" aria-hidden=\"true\" class=\"wp-block-spacer\"><\/div>\n<\/div><\/div>\n\t\t\t<div id=\"sevgallery-485522171\" class=\"sev-diaporama sev-diaporama-portfolio\">\n\t\t\t<div class=\"row\">\n\n\t\t\t\n\t\t\t\t\n\t\t\t\t<div class=\"sev-diaporama-portfolio-item col-12 col-sm \">\n\t\t\t\t\t<a href=\"https:\/\/mas-llinas.com\/wp-content\/uploads\/2023\/12\/DSC04653-Personnalise.jpg\" data-lightbox=\"sevgallery-485522171\" style=\"background-image: url(https:\/\/mas-llinas.com\/wp-content\/uploads\/2023\/12\/DSC04653-Personnalise.jpg)\">\n\t\t\t\t\t\t<img decoding=\"async\" src=\"https:\/\/mas-llinas.com\/wp-content\/uploads\/2023\/12\/DSC04653-Personnalise.jpg\" alt=\"moment convivial au camping\" loading=\"lazy\">\n\t\t\t\t\t<\/a>\n\t\t\t\t<\/div>\n\n\t\t\t\t\n\t\t\t\t\n\t\t\t\t\t\t\t\t\t\t\t\t\t\t\t\n\t\t\t\t\n\t\t\t\t<div class=\"sev-diaporama-portfolio-item col-12 col-sm  col-shrink\">\n\t\t\t\t\t<a href=\"https:\/\/mas-llinas.com\/wp-content\/uploads\/2023\/12\/DSC04349-Avec-accentuation-Bruit-Personnalise.jpg\" data-lightbox=\"sevgallery-485522171\" style=\"background-image: url(https:\/\/mas-llinas.com\/wp-content\/uploads\/2023\/12\/DSC04349-Avec-accentuation-Bruit-Personnalise.jpg)\">\n\t\t\t\t\t\t<img decoding=\"async\" src=\"https:\/\/mas-llinas.com\/wp-content\/uploads\/2023\/12\/DSC04349-Avec-accentuation-Bruit-Personnalise.jpg\" alt=\"concert camping le Mas Llinas\" loading=\"lazy\">\n\t\t\t\t\t<\/a>\n\t\t\t\t<\/div>\n\n\t\t\t\t\t\t\t\t\t<div class=\"w-100 d-lg-none\"><\/div>\n\t\t\t\t\t\t\t\t\t\n\t\t\t\t\n\t\t\t\t\t\t\t\t\t\t\t\t\t\t\t\n\t\t\t\t\n\t\t\t\t<div class=\"sev-diaporama-portfolio-item col-12 col-sm  col-shrink\">\n\t\t\t\t\t<a href=\"https:\/\/mas-llinas.com\/wp-content\/uploads\/2023\/12\/DSC04842-Personnalise.jpg\" data-lightbox=\"sevgallery-485522171\" style=\"background-image: url(https:\/\/mas-llinas.com\/wp-content\/uploads\/2023\/12\/DSC04842-Personnalise.jpg)\">\n\t\t\t\t\t\t<img decoding=\"async\" src=\"https:\/\/mas-llinas.com\/wp-content\/uploads\/2023\/12\/DSC04842-Personnalise.jpg\" alt=\"aire de jeux pour enfants\" loading=\"lazy\">\n\t\t\t\t\t<\/a>\n\t\t\t\t<\/div>\n\n\t\t\t\t\n\t\t\t\t\t\t\t\t\t<div class=\"w-100 d-none d-lg-block\"><\/div>\n\t\t\t\t\t\t\t\t\t\n\t\t\t\t\t\t\t\t\t\t\t\t\t\t\t\n\t\t\t\t\n\t\t\t\t<div class=\"sev-diaporama-portfolio-item col-12 col-sm  col-shrink\">\n\t\t\t\t\t<a href=\"https:\/\/mas-llinas.com\/wp-content\/uploads\/2023\/12\/DSC04897-Personnalise.jpg\" data-lightbox=\"sevgallery-485522171\" style=\"background-image: url(https:\/\/mas-llinas.com\/wp-content\/uploads\/2023\/12\/DSC04897-Personnalise.jpg)\">\n\t\t\t\t\t\t<img decoding=\"async\" src=\"https:\/\/mas-llinas.com\/wp-content\/uploads\/2023\/12\/DSC04897-Personnalise.jpg\" alt=\"activit\u00e9 enfants camping\" loading=\"lazy\">\n\t\t\t\t\t<\/a>\n\t\t\t\t<\/div>\n\n\t\t\t\t\t\t\t\t\t<div class=\"w-100 d-lg-none\"><\/div>\n\t\t\t\t\t\t\t\t\t\n\t\t\t\t\n\t\t\t\t\t\t\t\t\t\t\t\t\t\t\t\n\t\t\t\t\n\t\t\t\t<div class=\"sev-diaporama-portfolio-item col-12 col-sm  col-grow\">\n\t\t\t\t\t<a href=\"https:\/\/mas-llinas.com\/wp-content\/uploads\/2023\/12\/DSC04352-Avec-accentuation-Bruit-Personnalise.jpg\" data-lightbox=\"sevgallery-485522171\" style=\"background-image: url(https:\/\/mas-llinas.com\/wp-content\/uploads\/2023\/12\/DSC04352-Avec-accentuation-Bruit-Personnalise.jpg)\">\n\t\t\t\t\t\t<img decoding=\"async\" src=\"https:\/\/mas-llinas.com\/wp-content\/uploads\/2023\/12\/DSC04352-Avec-accentuation-Bruit-Personnalise.jpg\" alt=\"concert camping le Mas Llinas\" loading=\"lazy\">\n\t\t\t\t\t<\/a>\n\t\t\t\t<\/div>\n\n\t\t\t\t\n\t\t\t\t\n\t\t\t\t\t\t\t\t\t\t\t\t\t\t\t\n\t\t\t\t\n\t\t\t\t<div class=\"sev-diaporama-portfolio-item col-12 col-sm  col-shrink\">\n\t\t\t\t\t<a href=\"https:\/\/mas-llinas.com\/wp-content\/uploads\/2023\/12\/DSC04469-Personnalise.jpg\" data-lightbox=\"sevgallery-485522171\" style=\"background-image: url(https:\/\/mas-llinas.com\/wp-content\/uploads\/2023\/12\/DSC04469-Personnalise.jpg)\">\n\t\t\t\t\t\t<img decoding=\"async\" src=\"https:\/\/mas-llinas.com\/wp-content\/uploads\/2023\/12\/DSC04469-Personnalise.jpg\" alt=\"p\u00e9tanque au camping\" loading=\"lazy\">\n\t\t\t\t\t<\/a>\n\t\t\t\t<\/div>\n\n\t\t\t\t\t\t\t\t\t<div class=\"w-100 d-lg-none\"><\/div>\n\t\t\t\t\t\t\t\t\t\n\t\t\t\t\t\t\t\t\t<div class=\"w-100 d-none d-lg-block\"><\/div>\n\t\t\t\t\t\t\t\t\t\n\t\t\t\t\t\t\t\t\t\t\t\t\t\t\t\n\t\t\t\t\n\t\t\t\t<div class=\"sev-diaporama-portfolio-item col-12 col-sm  col-grow\">\n\t\t\t\t\t<a href=\"https:\/\/mas-llinas.com\/wp-content\/uploads\/2023\/12\/DSC04558-Personnalise.jpg\" data-lightbox=\"sevgallery-485522171\" style=\"background-image: url(https:\/\/mas-llinas.com\/wp-content\/uploads\/2023\/12\/DSC04558-Personnalise.jpg)\">\n\t\t\t\t\t\t<img decoding=\"async\" src=\"https:\/\/mas-llinas.com\/wp-content\/uploads\/2023\/12\/DSC04558-Personnalise.jpg\" alt=\"p\u00e9tanque au camping\" loading=\"lazy\">\n\t\t\t\t\t<\/a>\n\t\t\t\t<\/div>\n\n\t\t\t\t\n\t\t\t\t\n\t\t\t\t\t\t\t\t\t\t\t\t\t\t\t\n\t\t\t\t\n\t\t\t\t<div class=\"sev-diaporama-portfolio-item col-12 col-sm  col-shrink\">\n\t\t\t\t\t<a href=\"https:\/\/mas-llinas.com\/wp-content\/uploads\/2023\/12\/DSC04354-Avec-accentuation-Bruit-Personnalise.jpg\" data-lightbox=\"sevgallery-485522171\" style=\"background-image: url(https:\/\/mas-llinas.com\/wp-content\/uploads\/2023\/12\/DSC04354-Avec-accentuation-Bruit-Personnalise.jpg)\">\n\t\t\t\t\t\t<img decoding=\"async\" src=\"https:\/\/mas-llinas.com\/wp-content\/uploads\/2023\/12\/DSC04354-Avec-accentuation-Bruit-Personnalise.jpg\" alt=\"restaurant bar du camping\" loading=\"lazy\">\n\t\t\t\t\t<\/a>\n\t\t\t\t<\/div>\n\n\t\t\t\t\t\t\t\t\t<div class=\"w-100 d-lg-none\"><\/div>\n\t\t\t\t\t\t\t\t\t\n\t\t\t\t\n\t\t\t\t\t\t\t\t\t\t\t\t\t\t\t\n\t\t\t\t\n\t\t\t\t<div class=\"sev-diaporama-portfolio-item col-12 col-sm  col-shrink\">\n\t\t\t\t\t<a href=\"https:\/\/mas-llinas.com\/wp-content\/uploads\/2023\/12\/DSC04837-Personnalise.jpg\" data-lightbox=\"sevgallery-485522171\" style=\"background-image: url(https:\/\/mas-llinas.com\/wp-content\/uploads\/2023\/12\/DSC04837-Personnalise.jpg)\">\n\t\t\t\t\t\t<img decoding=\"async\" src=\"https:\/\/mas-llinas.com\/wp-content\/uploads\/2023\/12\/DSC04837-Personnalise.jpg\" alt=\"aire de sport pour adulte\" loading=\"lazy\">\n\t\t\t\t\t<\/a>\n\t\t\t\t<\/div>\n\n\t\t\t\t\n\t\t\t\t\t\t\t\t\t<div class=\"w-100 d-none d-lg-block\"><\/div>\n\t\t\t\t\t\t\t\t\t\n\t\t\t\t\t\t\t\t\t\t\t\t\t\t\t\t\t\t<\/div>\n\t\t\t<\/div>\n\n\t\t\t<script>\n\t\t\tjQuery(function($) {\n\n\t\t\t\tvar marginPortfolio = function() {\n\n\t\t\t\t\tvar $diapo          = $('#sevgallery-485522171');\n\t\t\t\t\tvar container_width = $diapo.parent().outerWidth();\n\t\t\t\t\tvar side            = ( $(window).innerWidth() - container_width ) \/ 2;\n\n\t\t\t\t\t$diapo.css( {\n\t\t\t\t\t\t'margin-left': '-' + side + 'px',\n\t\t\t\t\t\t'margin-right': '-' + side + 'px',\n\t\t\t\t\t} );\n\t\t\t\t};\n\n\t\t\t\t$( window ).resize( function() {\n\t\t\t\t\tmarginPortfolio();\n\t\t\t\t} );\n\t\t\t\tmarginPortfolio();\n\t\t\t});\n\t\t\t<\/script>\n\t\t\t\n","protected":false},"excerpt":{"rendered":"","protected":false},"author":3,"featured_media":0,"parent":0,"menu_order":0,"comment_status":"closed","ping_status":"closed","template":"","meta":{"_seopress_robots_primary_cat":"","_seopress_titles_title":"Participar en actividades durante las vacaciones","_seopress_titles_desc":"Durante su estancia en Mas Llinas, participe en actividades en grupo o individuales para todas las edades","_seopress_robots_index":"","footnotes":""},"class_list":["post-42642","page","type-page","status-publish","hentry"],"_links":{"self":[{"href":"https:\/\/mas-llinas.com\/es\/wp-json\/wp\/v2\/pages\/42642","targetHints":{"allow":["GET"]}}],"collection":[{"href":"https:\/\/mas-llinas.com\/es\/wp-json\/wp\/v2\/pages"}],"about":[{"href":"https:\/\/mas-llinas.com\/es\/wp-json\/wp\/v2\/types\/page"}],"author":[{"embeddable":true,"href":"https:\/\/mas-llinas.com\/es\/wp-json\/wp\/v2\/users\/3"}],"replies":[{"embeddable":true,"href":"https:\/\/mas-llinas.com\/es\/wp-json\/wp\/v2\/comments?post=42642"}],"version-history":[{"count":1,"href":"https:\/\/mas-llinas.com\/es\/wp-json\/wp\/v2\/pages\/42642\/revisions"}],"predecessor-version":[{"id":42643,"href":"https:\/\/mas-llinas.com\/es\/wp-json\/wp\/v2\/pages\/42642\/revisions\/42643"}],"wp:attachment":[{"href":"https:\/\/mas-llinas.com\/es\/wp-json\/wp\/v2\/media?parent=42642"}],"curies":[{"name":"wp","href":"https:\/\/api.w.org\/{rel}","templated":true}]}}