{"id":42644,"date":"2023-12-08T16:59:30","date_gmt":"2023-12-08T15:59:30","guid":{"rendered":"https:\/\/dev.mas-llinas.com\/las-ventajas-del-camping\/"},"modified":"2024-01-26T14:25:16","modified_gmt":"2024-01-26T13:25:16","slug":"las-ventajas-del-camping","status":"publish","type":"page","link":"https:\/\/mas-llinas.com\/es\/las-ventajas-del-camping\/","title":{"rendered":"Las ventajas del camping"},"content":{"rendered":"\n<div class=\"wp-block-group is-layout-constrained wp-block-group-is-layout-constrained\">\n<div class=\"wp-block-columns are-vertically-aligned-center is-layout-flex wp-container-core-columns-is-layout-28f84493 wp-block-columns-is-layout-flex\">\n<div class=\"wp-block-column is-vertically-aligned-center is-layout-flow wp-block-column-is-layout-flow\">\n<p>En el Camping Mas Llinas, tendr\u00e1 todo lo necesario para que sus vacaciones sean inolvidables. El <strong>entorno <\/strong>es sencillamente <strong>encantador <\/strong>y se presta a toda forma de armon\u00eda con la naturaleza.  <\/p>\n\n\n\n<p>Todos los <a href=\"https:\/\/mas-llinas.com\/es\/ubicaciones\/\" data-type=\"page\" data-id=\"42622\">   <strong>parcelas <\/strong> <\/a>son <strong>espaciosas <\/strong>y est\u00e1n bien delimitadas, con conexi\u00f3n el\u00e9ctrica individual.  <\/p>\n\n\n\n<p>Situado en Le Boulou, en el l\u00edmite de la regi\u00f3n catalana, al pie de las monta\u00f1as de Alb\u00e8res, este <strong>camping tranquilo y familiar<\/strong> es el lugar ideal para pasar unas agradables vacaciones.<\/p>\n<\/div>\n\n\n\n<div class=\"wp-block-column is-vertically-aligned-center is-layout-flow wp-block-column-is-layout-flow\">\n<figure class=\"wp-block-image aligncenter size-full is-resized\"><img loading=\"lazy\" decoding=\"async\" width=\"900\" height=\"600\" src=\"https:\/\/mas-llinas.com\/wp-content\/uploads\/2023\/12\/DSC04837-Personnalise.jpg\" alt=\"zona deportiva para adultos\" class=\"wp-image-41993\" style=\"width:480px;height:auto\" srcset=\"https:\/\/mas-llinas.com\/wp-content\/uploads\/2023\/12\/DSC04837-Personnalise.jpg 900w, https:\/\/mas-llinas.com\/wp-content\/uploads\/2023\/12\/DSC04837-Personnalise-300x200.jpg 300w, https:\/\/mas-llinas.com\/wp-content\/uploads\/2023\/12\/DSC04837-Personnalise-768x512.jpg 768w\" sizes=\"auto, (max-width: 900px) 100vw, 900px\" \/><\/figure>\n<\/div>\n<\/div>\n<\/div>\n\n\n\n<div class=\"wp-block-columns is-layout-flex wp-container-core-columns-is-layout-28f84493 wp-block-columns-is-layout-flex\">\n<div class=\"wp-block-column is-layout-flow wp-block-column-is-layout-flow\">\n<figure class=\"wp-block-image aligncenter size-full\"><img loading=\"lazy\" decoding=\"async\" width=\"375\" height=\"600\" src=\"https:\/\/mas-llinas.com\/wp-content\/uploads\/2023\/12\/DJI_0232-Personnalise-edited-1.jpg\" alt=\"\" class=\"wp-image-41999\" style=\"aspect-ratio:1;object-fit:cover\" srcset=\"https:\/\/mas-llinas.com\/wp-content\/uploads\/2023\/12\/DJI_0232-Personnalise-edited-1.jpg 375w, https:\/\/mas-llinas.com\/wp-content\/uploads\/2023\/12\/DJI_0232-Personnalise-edited-1-188x300.jpg 188w\" sizes=\"auto, (max-width: 375px) 100vw, 375px\" \/><\/figure>\n<\/div>\n\n\n\n<div class=\"wp-block-column is-layout-flow wp-block-column-is-layout-flow\">\n<p><strong>Paisajes variados<\/strong>: vistas del Canig\u00f3 y del macizo de Alb\u00e8res<\/p>\n\n\n\n<p>El camping Mas llinas goza de una <strong>ubicaci\u00f3n<\/strong> ideal, con tiendas a 1.500 m (Leclerc, lidl etc&#8230;.), y el centro de Le Boulou a 2,5 km. Podr\u00e1 explorar el pueblo, visitar el museo del agua y disfrutar del mercado todos los jueves y domingos por la ma\u00f1ana.<\/p>\n\n\n\n<p>Deguste platos catalanes en estos restaurantes y vaya al casino.<\/p>\n\n\n\n<p><br>El camping tambi\u00e9n est\u00e1 situado a las <strong>puertas de Espa\u00f1a<\/strong><\/p>\n\n\n\n<ul class=\"wp-block-list\">\n<li>Collioure a 20 km<\/li>\n\n\n\n<li>Argeles 18 km<\/li>\n\n\n\n<li>Perthus 7 km<\/li>\n\n\n\n<li>A 40 minutos de Girona<\/li>\n\n\n\n<li>Costa Brava a 45 minutos<\/li>\n<\/ul>\n<\/div>\n<\/div>\n\n\n\t\t\t<div id=\"sevgallery-273958289\" class=\"sev-diaporama sev-diaporama-portfolio\">\n\t\t\t<div class=\"row\">\n\n\t\t\t\n\t\t\t\t\n\t\t\t\t<div class=\"sev-diaporama-portfolio-item col-12 col-sm \">\n\t\t\t\t\t<a href=\"https:\/\/mas-llinas.com\/wp-content\/uploads\/2024\/01\/DSC04653-Personnalise.jpg\" data-lightbox=\"sevgallery-273958289\" style=\"background-image: url(https:\/\/mas-llinas.com\/wp-content\/uploads\/2024\/01\/DSC04653-Personnalise.jpg)\">\n\t\t\t\t\t\t<img decoding=\"async\" src=\"https:\/\/mas-llinas.com\/wp-content\/uploads\/2024\/01\/DSC04653-Personnalise.jpg\" alt=\"animations adultes\" loading=\"lazy\">\n\t\t\t\t\t<\/a>\n\t\t\t\t<\/div>\n\n\t\t\t\t\n\t\t\t\t\n\t\t\t\t\t\t\t\t\t\t\t\t\t\t\t\n\t\t\t\t\n\t\t\t\t<div class=\"sev-diaporama-portfolio-item col-12 col-sm \">\n\t\t\t\t\t<a href=\"https:\/\/mas-llinas.com\/wp-content\/uploads\/2024\/01\/DSC02343-Personnalise.jpg\" data-lightbox=\"sevgallery-273958289\" style=\"background-image: url(https:\/\/mas-llinas.com\/wp-content\/uploads\/2024\/01\/DSC02343-Personnalise.jpg)\">\n\t\t\t\t\t\t<img decoding=\"async\" src=\"https:\/\/mas-llinas.com\/wp-content\/uploads\/2024\/01\/DSC02343-Personnalise.jpg\" alt=\"Le camping du Mas Llinas au Boulou\" loading=\"lazy\">\n\t\t\t\t\t<\/a>\n\t\t\t\t<\/div>\n\n\t\t\t\t\t\t\t\t\t<div class=\"w-100 d-lg-none\"><\/div>\n\t\t\t\t\t\t\t\t\t\n\t\t\t\t\n\t\t\t\t\t\t\t\t\t\t\t\t\t\t\t\n\t\t\t\t\n\t\t\t\t<div class=\"sev-diaporama-portfolio-item col-12 col-sm  col-shrink\">\n\t\t\t\t\t<a href=\"https:\/\/mas-llinas.com\/wp-content\/uploads\/2024\/01\/DSC04826-Personnalise.jpg\" data-lightbox=\"sevgallery-273958289\" style=\"background-image: url(https:\/\/mas-llinas.com\/wp-content\/uploads\/2024\/01\/DSC04826-Personnalise.jpg)\">\n\t\t\t\t\t\t<img decoding=\"async\" src=\"https:\/\/mas-llinas.com\/wp-content\/uploads\/2024\/01\/DSC04826-Personnalise.jpg\" alt=\"animation enfants\" loading=\"lazy\">\n\t\t\t\t\t<\/a>\n\t\t\t\t<\/div>\n\n\t\t\t\t\n\t\t\t\t\n\t\t\t\t\t\t\t\t\t\t\t\t\t\t\t\n\t\t\t\t\n\t\t\t\t<div class=\"sev-diaporama-portfolio-item col-12 col-sm \">\n\t\t\t\t\t<a href=\"https:\/\/mas-llinas.com\/wp-content\/uploads\/2024\/01\/DSC04469-Personnalise.jpg\" data-lightbox=\"sevgallery-273958289\" style=\"background-image: url(https:\/\/mas-llinas.com\/wp-content\/uploads\/2024\/01\/DSC04469-Personnalise.jpg)\">\n\t\t\t\t\t\t<img decoding=\"async\" src=\"https:\/\/mas-llinas.com\/wp-content\/uploads\/2024\/01\/DSC04469-Personnalise.jpg\" alt=\"p\u00e9tanque\" loading=\"lazy\">\n\t\t\t\t\t<\/a>\n\t\t\t\t<\/div>\n\n\t\t\t\t\t\t\t\t\t<div class=\"w-100 d-lg-none\"><\/div>\n\t\t\t\t\t\t\t\t\t\n\t\t\t\t\t\t\t\t\t<div class=\"w-100 d-none d-lg-block\"><\/div>\n\t\t\t\t\t\t\t\t\t\n\t\t\t\t\t\t\t\t\t\t\t\t\t\t\t\n\t\t\t\t\n\t\t\t\t<div class=\"sev-diaporama-portfolio-item col-12 col-sm  col-grow\">\n\t\t\t\t\t<a href=\"https:\/\/mas-llinas.com\/wp-content\/uploads\/2024\/01\/DSC05062-Personnalise.jpg\" data-lightbox=\"sevgallery-273958289\" style=\"background-image: url(https:\/\/mas-llinas.com\/wp-content\/uploads\/2024\/01\/DSC05062-Personnalise.jpg)\">\n\t\t\t\t\t\t<img decoding=\"async\" src=\"https:\/\/mas-llinas.com\/wp-content\/uploads\/2024\/01\/DSC05062-Personnalise.jpg\" alt=\"le boulou\" loading=\"lazy\">\n\t\t\t\t\t<\/a>\n\t\t\t\t<\/div>\n\n\t\t\t\t\n\t\t\t\t\n\t\t\t\t\t\t\t\t\t\t\t\t\t\t\t\n\t\t\t\t\n\t\t\t\t<div class=\"sev-diaporama-portfolio-item col-12 col-sm \">\n\t\t\t\t\t<a href=\"https:\/\/mas-llinas.com\/wp-content\/uploads\/2024\/01\/DSC04884-Personnalise.jpg\" data-lightbox=\"sevgallery-273958289\" style=\"background-image: url(https:\/\/mas-llinas.com\/wp-content\/uploads\/2024\/01\/DSC04884-Personnalise.jpg)\">\n\t\t\t\t\t\t<img decoding=\"async\" src=\"https:\/\/mas-llinas.com\/wp-content\/uploads\/2024\/01\/DSC04884-Personnalise.jpg\" alt=\"animations pour enfants\" loading=\"lazy\">\n\t\t\t\t\t<\/a>\n\t\t\t\t<\/div>\n\n\t\t\t\t\t\t\t\t\t<div class=\"w-100 d-lg-none\"><\/div>\n\t\t\t\t\t\t\t\t\t\n\t\t\t\t\n\t\t\t\t\t\t\t\t\t\t\t\t\t\t\t\n\t\t\t\t\n\t\t\t\t<div class=\"sev-diaporama-portfolio-item col-12 col-sm  col-shrink\">\n\t\t\t\t\t<a href=\"https:\/\/mas-llinas.com\/wp-content\/uploads\/2024\/01\/DSC04310-Avec-accentuation-Bruit-Personnalise.jpg\" data-lightbox=\"sevgallery-273958289\" style=\"background-image: url(https:\/\/mas-llinas.com\/wp-content\/uploads\/2024\/01\/DSC04310-Avec-accentuation-Bruit-Personnalise.jpg)\">\n\t\t\t\t\t\t<img decoding=\"async\" src=\"https:\/\/mas-llinas.com\/wp-content\/uploads\/2024\/01\/DSC04310-Avec-accentuation-Bruit-Personnalise.jpg\" alt=\"concert au mas llinas\" loading=\"lazy\">\n\t\t\t\t\t<\/a>\n\t\t\t\t<\/div>\n\n\t\t\t\t\n\t\t\t\t\n\t\t\t\t\t\t\t\t\t\t\t\t\t\t\t\n\t\t\t\t\n\t\t\t\t<div class=\"sev-diaporama-portfolio-item col-12 col-sm \">\n\t\t\t\t\t<a href=\"https:\/\/mas-llinas.com\/wp-content\/uploads\/2024\/01\/DSC04890-Personnalise.jpg\" data-lightbox=\"sevgallery-273958289\" style=\"background-image: url(https:\/\/mas-llinas.com\/wp-content\/uploads\/2024\/01\/DSC04890-Personnalise.jpg)\">\n\t\t\t\t\t\t<img decoding=\"async\" src=\"https:\/\/mas-llinas.com\/wp-content\/uploads\/2024\/01\/DSC04890-Personnalise.jpg\" alt=\"salle de jeux mas llinas\" loading=\"lazy\">\n\t\t\t\t\t<\/a>\n\t\t\t\t<\/div>\n\n\t\t\t\t\t\t\t\t\t<div class=\"w-100 d-lg-none\"><\/div>\n\t\t\t\t\t\t\t\t\t\n\t\t\t\t\t\t\t\t\t<div class=\"w-100 d-none d-lg-block\"><\/div>\n\t\t\t\t\t\t\t\t\t\n\t\t\t\t\t\t\t\t\t\t\t\t\t\t\t\n\t\t\t\t\n\t\t\t\t<div class=\"sev-diaporama-portfolio-item col-12 col-sm  col-grow\">\n\t\t\t\t\t<a href=\"https:\/\/mas-llinas.com\/wp-content\/uploads\/2024\/01\/DSC02361-Personnalise.jpg\" data-lightbox=\"sevgallery-273958289\" style=\"background-image: url(https:\/\/mas-llinas.com\/wp-content\/uploads\/2024\/01\/DSC02361-Personnalise.jpg)\">\n\t\t\t\t\t\t<img decoding=\"async\" src=\"https:\/\/mas-llinas.com\/wp-content\/uploads\/2024\/01\/DSC02361-Personnalise.jpg\" alt=\"sanitaires camping\" loading=\"lazy\">\n\t\t\t\t\t<\/a>\n\t\t\t\t<\/div>\n\n\t\t\t\t\n\t\t\t\t\n\t\t\t\t\t\t\t\t\t\t\t\t\t\t\t\n\t\t\t\t\n\t\t\t\t<div class=\"sev-diaporama-portfolio-item col-12 col-sm  col-grow\">\n\t\t\t\t\t<a href=\"https:\/\/mas-llinas.com\/wp-content\/uploads\/2024\/01\/DSC02428-HDR-Personnalise.jpg\" data-lightbox=\"sevgallery-273958289\" style=\"background-image: url(https:\/\/mas-llinas.com\/wp-content\/uploads\/2024\/01\/DSC02428-HDR-Personnalise.jpg)\">\n\t\t\t\t\t\t<img decoding=\"async\" src=\"https:\/\/mas-llinas.com\/wp-content\/uploads\/2024\/01\/DSC02428-HDR-Personnalise.jpg\" alt=\"restaurant mas llinas\" loading=\"lazy\">\n\t\t\t\t\t<\/a>\n\t\t\t\t<\/div>\n\n\t\t\t\t\t\t\t\t\t<div class=\"w-100 d-lg-none\"><\/div>\n\t\t\t\t\t\t\t\t\t\n\t\t\t\t\n\t\t\t\t\t\t\t\t\t\t\t\t\t\t\t\t\t\t<\/div>\n\t\t\t<\/div>\n\n\t\t\t<script>\n\t\t\tjQuery(function($) {\n\n\t\t\t\tvar marginPortfolio = function() {\n\n\t\t\t\t\tvar $diapo          = $('#sevgallery-273958289');\n\t\t\t\t\tvar container_width = $diapo.parent().outerWidth();\n\t\t\t\t\tvar side            = ( $(window).innerWidth() - container_width ) \/ 2;\n\n\t\t\t\t\t$diapo.css( {\n\t\t\t\t\t\t'margin-left': '-' + side + 'px',\n\t\t\t\t\t\t'margin-right': '-' + side + 'px',\n\t\t\t\t\t} );\n\t\t\t\t};\n\n\t\t\t\t$( window ).resize( function() {\n\t\t\t\t\tmarginPortfolio();\n\t\t\t\t} );\n\t\t\t\tmarginPortfolio();\n\t\t\t});\n\t\t\t<\/script>\n\t\t\t\n","protected":false},"excerpt":{"rendered":"<p>En el Camping Mas Llinas, tendr\u00e1 todo lo necesario para que sus vacaciones sean inolvidables. El entorno es sencillamente encantador y se presta a toda forma de armon\u00eda con la naturaleza. Todos los parcelas son espaciosas y est\u00e1n bien delimitadas, con conexi\u00f3n el\u00e9ctrica individual. Situado en Le Boulou, en el l\u00edmite de la regi\u00f3n catalana, [&hellip;]<\/p>\n","protected":false},"author":3,"featured_media":0,"parent":0,"menu_order":0,"comment_status":"closed","ping_status":"closed","template":"","meta":{"_seopress_robots_primary_cat":"","_seopress_titles_title":"Descubra las ventajas del camping","_seopress_titles_desc":"El camping Mas Llinas tiene mucho que ofrecer: \u00a1desc\u00fabralo!","_seopress_robots_index":"","footnotes":""},"class_list":["post-42644","page","type-page","status-publish","hentry"],"_links":{"self":[{"href":"https:\/\/mas-llinas.com\/es\/wp-json\/wp\/v2\/pages\/42644","targetHints":{"allow":["GET"]}}],"collection":[{"href":"https:\/\/mas-llinas.com\/es\/wp-json\/wp\/v2\/pages"}],"about":[{"href":"https:\/\/mas-llinas.com\/es\/wp-json\/wp\/v2\/types\/page"}],"author":[{"embeddable":true,"href":"https:\/\/mas-llinas.com\/es\/wp-json\/wp\/v2\/users\/3"}],"replies":[{"embeddable":true,"href":"https:\/\/mas-llinas.com\/es\/wp-json\/wp\/v2\/comments?post=42644"}],"version-history":[{"count":2,"href":"https:\/\/mas-llinas.com\/es\/wp-json\/wp\/v2\/pages\/42644\/revisions"}],"predecessor-version":[{"id":42787,"href":"https:\/\/mas-llinas.com\/es\/wp-json\/wp\/v2\/pages\/42644\/revisions\/42787"}],"wp:attachment":[{"href":"https:\/\/mas-llinas.com\/es\/wp-json\/wp\/v2\/media?parent=42644"}],"curies":[{"name":"wp","href":"https:\/\/api.w.org\/{rel}","templated":true}]}}