{"id":42646,"date":"2023-12-08T17:01:13","date_gmt":"2023-12-08T16:01:13","guid":{"rendered":"https:\/\/dev.mas-llinas.com\/los-servicios\/"},"modified":"2024-01-26T12:12:31","modified_gmt":"2024-01-26T11:12:31","slug":"los-servicios","status":"publish","type":"page","link":"https:\/\/mas-llinas.com\/es\/los-servicios\/","title":{"rendered":"Los servicios"},"content":{"rendered":"\n<p>Servicios en el camping Mas Llinas, a 5 km del balneario de Le Boulou y a 7 km de Espa\u00f1a (Perthus).<\/p>\n\n<div class=\"wp-block-columns is-layout-flex wp-container-core-columns-is-layout-28f84493 wp-block-columns-is-layout-flex\">\n<div class=\"wp-block-column is-layout-flow wp-block-column-is-layout-flow\">\n<h2 class=\"wp-block-heading\">Recepci\u00f3n<\/h2>\n\n\n\n<p><strong>Abierto todos los d\u00edas de temporada <\/strong>(julio y agosto): de 8.00 a 12.00 y de 15.00 a 19.00 h.<br\/>Horario <strong>fuera de temporada<\/strong>: de 9.00 a 12.00 y de 15.00 a 19.00 h.<\/p>\n\n\n\n<h2 class=\"wp-block-heading\">Desayuno<\/h2>\n\n\n\n<p>Puede disfrutar del desayuno en el bar del <a href=\"https:\/\/mas-llinas.com\/es\/\" data-type=\"page\" data-id=\"2\">camping <\/a>Mas llinas <strong>todas las ma\u00f1anas<\/strong> a partir de las 8 h en julio y agosto. (precio: 7,00 euros)<br\/>Ingredientes <strong>: Caf\u00e9 <\/strong>o t\u00e9 o chocolate, baguette, boller\u00eda (croissant, pain au chocolat) y zumo de fruta.<\/p>\n\n\n\n<h2 class=\"wp-block-heading\">Le Bar<\/h2>\n\n\n\n<p>Abierto todo el d\u00eda en temporada de 8.00 a 23.00<br\/>El bar ofrece una amplia selecci\u00f3n de bebidas y <strong>helados <\/strong>para todos los gustos.<br\/>La <strong>sala de juegos<\/strong> del bar (billar, futbol\u00edn, pinball, tejo) tambi\u00e9n es ideal para divertirse en familia.<\/p>\n<\/div>\n\n\n\n<div class=\"wp-block-column is-layout-flow wp-block-column-is-layout-flow\">\n<h2 class=\"wp-block-heading\">Otros servicios<\/h2>\n\n\n\n<p>Puede reservar su <strong>pan y boller\u00eda<\/strong> todos los d\u00edas (julio y agosto) pidi\u00e9ndolos la v\u00edspera en el bar.<\/p>\n\n\n\n<p>En la recepci\u00f3n del camping hay una <strong>tienda de <\/strong>comestibles.<\/p>\n\n\n\n<p>Durante la temporada alta (julio y agosto), el camping Mas Llinas ofrece <strong>pollo asado<\/strong> (con patatas fritas o patatas) todos los domingos al mediod\u00eda, para llevar y pedir en el bar del camping.<\/p>\n\n\n\n<p><strong>Julio y agosto:<\/strong><\/p>\n\n\n\n<p><strong>Todos los domingos <\/strong>a partir de las 17.30, hay un<strong> cami\u00f3n de comida en el bar del camping<\/strong> que ofrece hamburguesas, patatas fritas y otros platos para llevar<strong> <\/strong>.<\/p>\n\n\n\n<p><strong>Todos los mi\u00e9rcoles por la tarde <\/strong>, a partir de las 17.30, un<strong> food truck<\/strong> servir\u00e1 <strong>especialidades de Martinica<\/strong>.<\/p>\n\n\n\n<p><strong>Todos los viernes por la noche <\/strong>, un cami\u00f3n de comida servir\u00e1 deliciosas pizzas.<\/p>\n<\/div>\n<\/div>\n\n<div class=\"wp-block-group is-layout-constrained wp-container-core-group-is-layout-62e6e3ee wp-block-group-is-layout-constrained has-background\" style=\"margin-top:var(--wp--preset--spacing--50);margin-bottom:var(--wp--preset--spacing--50);padding-right:0;padding-left:0;background-image:url(&apos;https:\/\/mas-llinas.com\/wp-content\/uploads\/2023\/12\/bandeau-services.jpg&apos;);background-size:cover;\">\n<div style=\"height:143px\" aria-hidden=\"true\" class=\"wp-block-spacer\"><\/div>\n<\/div>\n\n<h2 class=\"wp-block-heading\">Para un momento de zen en el camping Mas Llinas, disfrute de un masaje.<\/h2>\n\n<p>Para un momento de relajaci\u00f3n y bienestar, Val\u00e9rie le recibe en su Yurta para ofrecerle sus tratamientos con aceite caliente en un ambiente \u00fanico y relajante.<\/p>\n\n<p>Informaci\u00f3n y reservas masaje Val\u00e9rie: 06.88.58.99.55<\/p>\n\n<p>Tarifa cliente camping 1h15 masaje 50\u20ac.<\/p>\n\t\t\t<div id=\"sevgallery-154689481\" class=\"sev-diaporama sev-diaporama-portfolio\">\n\t\t\t<div class=\"row\">\n\n\t\t\t\n\t\t\t\t\n\t\t\t\t<div class=\"sev-diaporama-portfolio-item col-12 col-sm  col-grow\">\n\t\t\t\t\t<a href=\"https:\/\/mas-llinas.com\/wp-content\/uploads\/2023\/12\/DSC02349-Personnalise.jpg\" data-lightbox=\"sevgallery-154689481\" style=\"background-image: url(https:\/\/mas-llinas.com\/wp-content\/uploads\/2023\/12\/DSC02349-Personnalise.jpg)\">\n\t\t\t\t\t\t<img decoding=\"async\" src=\"https:\/\/mas-llinas.com\/wp-content\/uploads\/2023\/12\/DSC02349-Personnalise.jpg\" alt=\"piscine le mas llinas\" loading=\"lazy\">\n\t\t\t\t\t<\/a>\n\t\t\t\t<\/div>\n\n\t\t\t\t\n\t\t\t\t\n\t\t\t\t\t\t\t\t\t\t\t\t\t\t\t\n\t\t\t\t\n\t\t\t\t<div class=\"sev-diaporama-portfolio-item col-12 col-sm \">\n\t\t\t\t\t<a href=\"https:\/\/mas-llinas.com\/wp-content\/uploads\/2024\/01\/9d915ef21a15.jpg\" data-lightbox=\"sevgallery-154689481\" style=\"background-image: url(https:\/\/mas-llinas.com\/wp-content\/uploads\/2024\/01\/9d915ef21a15.jpg)\">\n\t\t\t\t\t\t<img decoding=\"async\" src=\"https:\/\/mas-llinas.com\/wp-content\/uploads\/2024\/01\/9d915ef21a15.jpg\" alt=\"\" loading=\"lazy\">\n\t\t\t\t\t<\/a>\n\t\t\t\t<\/div>\n\n\t\t\t\t\t\t\t\t\t<div class=\"w-100 d-lg-none\"><\/div>\n\t\t\t\t\t\t\t\t\t\n\t\t\t\t\n\t\t\t\t\t\t\t\t\t\t\t\t\t\t\t\n\t\t\t\t\n\t\t\t\t<div class=\"sev-diaporama-portfolio-item col-12 col-sm  col-grow\">\n\t\t\t\t\t<a href=\"https:\/\/mas-llinas.com\/wp-content\/uploads\/2023\/12\/DSC04013-Avec-accentuation-Bruit-Personnalise.jpg\" data-lightbox=\"sevgallery-154689481\" style=\"background-image: url(https:\/\/mas-llinas.com\/wp-content\/uploads\/2023\/12\/DSC04013-Avec-accentuation-Bruit-Personnalise.jpg)\">\n\t\t\t\t\t\t<img decoding=\"async\" src=\"https:\/\/mas-llinas.com\/wp-content\/uploads\/2023\/12\/DSC04013-Avec-accentuation-Bruit-Personnalise.jpg\" alt=\"animation au Mas Llinas\" loading=\"lazy\">\n\t\t\t\t\t<\/a>\n\t\t\t\t<\/div>\n\n\t\t\t\t\n\t\t\t\t\n\t\t\t\t\t\t\t\t\t\t\t\t\t\t\t\n\t\t\t\t\n\t\t\t\t<div class=\"sev-diaporama-portfolio-item col-12 col-sm \">\n\t\t\t\t\t<a href=\"https:\/\/mas-llinas.com\/wp-content\/uploads\/2023\/12\/DSC04694-Personnalise.jpg\" data-lightbox=\"sevgallery-154689481\" style=\"background-image: url(https:\/\/mas-llinas.com\/wp-content\/uploads\/2023\/12\/DSC04694-Personnalise.jpg)\">\n\t\t\t\t\t\t<img decoding=\"async\" src=\"https:\/\/mas-llinas.com\/wp-content\/uploads\/2023\/12\/DSC04694-Personnalise.jpg\" alt=\"emplacement camping\" loading=\"lazy\">\n\t\t\t\t\t<\/a>\n\t\t\t\t<\/div>\n\n\t\t\t\t\t\t\t\t\t<div class=\"w-100 d-lg-none\"><\/div>\n\t\t\t\t\t\t\t\t\t\n\t\t\t\t\t\t\t\t\t<div class=\"w-100 d-none d-lg-block\"><\/div>\n\t\t\t\t\t\t\t\t\t\n\t\t\t\t\t\t\t\t\t\t\t\t\t\t\t\n\t\t\t\t\n\t\t\t\t<div class=\"sev-diaporama-portfolio-item col-12 col-sm  col-grow\">\n\t\t\t\t\t<a href=\"https:\/\/mas-llinas.com\/wp-content\/uploads\/2023\/12\/DSC04860-Personnalise.jpg\" data-lightbox=\"sevgallery-154689481\" style=\"background-image: url(https:\/\/mas-llinas.com\/wp-content\/uploads\/2023\/12\/DSC04860-Personnalise.jpg)\">\n\t\t\t\t\t\t<img decoding=\"async\" src=\"https:\/\/mas-llinas.com\/wp-content\/uploads\/2023\/12\/DSC04860-Personnalise.jpg\" alt=\"animation camping Pyr\u00e9n\u00e9es\" loading=\"lazy\">\n\t\t\t\t\t<\/a>\n\t\t\t\t<\/div>\n\n\t\t\t\t\n\t\t\t\t\n\t\t\t\t\t\t\t\t\t\t\t\t\t\t\t\n\t\t\t\t\n\t\t\t\t<div class=\"sev-diaporama-portfolio-item col-12 col-sm \">\n\t\t\t\t\t<a href=\"https:\/\/mas-llinas.com\/wp-content\/uploads\/2023\/12\/DSC02336-Personnalise.jpg\" data-lightbox=\"sevgallery-154689481\" style=\"background-image: url(https:\/\/mas-llinas.com\/wp-content\/uploads\/2023\/12\/DSC02336-Personnalise.jpg)\">\n\t\t\t\t\t\t<img decoding=\"async\" src=\"https:\/\/mas-llinas.com\/wp-content\/uploads\/2023\/12\/DSC02336-Personnalise.jpg\" alt=\"restaurant le mas llinas\" loading=\"lazy\">\n\t\t\t\t\t<\/a>\n\t\t\t\t<\/div>\n\n\t\t\t\t\t\t\t\t\t<div class=\"w-100 d-lg-none\"><\/div>\n\t\t\t\t\t\t\t\t\t\n\t\t\t\t\n\t\t\t\t\t\t\t\t\t\t\t\t\t\t\t\n\t\t\t\t\n\t\t\t\t<div class=\"sev-diaporama-portfolio-item col-12 col-sm  col-grow\">\n\t\t\t\t\t<a href=\"https:\/\/mas-llinas.com\/wp-content\/uploads\/2023\/12\/DSC02392-Personnalise.jpg\" data-lightbox=\"sevgallery-154689481\" style=\"background-image: url(https:\/\/mas-llinas.com\/wp-content\/uploads\/2023\/12\/DSC02392-Personnalise.jpg)\">\n\t\t\t\t\t\t<img decoding=\"async\" src=\"https:\/\/mas-llinas.com\/wp-content\/uploads\/2023\/12\/DSC02392-Personnalise.jpg\" alt=\"mobil-home camping pyr\u00e9n\u00e9es\" loading=\"lazy\">\n\t\t\t\t\t<\/a>\n\t\t\t\t<\/div>\n\n\t\t\t\t\n\t\t\t\t\n\t\t\t\t\t\t\t\t\t\t\t\t\t\t\t\n\t\t\t\t\n\t\t\t\t<div class=\"sev-diaporama-portfolio-item col-12 col-sm \">\n\t\t\t\t\t<a href=\"https:\/\/mas-llinas.com\/wp-content\/uploads\/2023\/12\/DSC03904-Avec-accentuation-Bruit-Personnalise.jpg\" data-lightbox=\"sevgallery-154689481\" style=\"background-image: url(https:\/\/mas-llinas.com\/wp-content\/uploads\/2023\/12\/DSC03904-Avec-accentuation-Bruit-Personnalise.jpg)\">\n\t\t\t\t\t\t<img decoding=\"async\" src=\"https:\/\/mas-llinas.com\/wp-content\/uploads\/2023\/12\/DSC03904-Avec-accentuation-Bruit-Personnalise.jpg\" alt=\"animation au mas llinas\" loading=\"lazy\">\n\t\t\t\t\t<\/a>\n\t\t\t\t<\/div>\n\n\t\t\t\t\t\t\t\t\t<div class=\"w-100 d-lg-none\"><\/div>\n\t\t\t\t\t\t\t\t\t\n\t\t\t\t\t\t\t\t\t<div class=\"w-100 d-none d-lg-block\"><\/div>\n\t\t\t\t\t\t\t\t\t\n\t\t\t\t\t\t\t\t\t\t\t\t\t\t\t\n\t\t\t\t\n\t\t\t\t<div class=\"sev-diaporama-portfolio-item col-12 col-sm \">\n\t\t\t\t\t<a href=\"https:\/\/mas-llinas.com\/wp-content\/uploads\/2023\/12\/DSC04277-Avec-accentuation-Bruit-Personnalise.jpg\" data-lightbox=\"sevgallery-154689481\" style=\"background-image: url(https:\/\/mas-llinas.com\/wp-content\/uploads\/2023\/12\/DSC04277-Avec-accentuation-Bruit-Personnalise.jpg)\">\n\t\t\t\t\t\t<img decoding=\"async\" src=\"https:\/\/mas-llinas.com\/wp-content\/uploads\/2023\/12\/DSC04277-Avec-accentuation-Bruit-Personnalise.jpg\" alt=\"animation au Mas Llinas\" loading=\"lazy\">\n\t\t\t\t\t<\/a>\n\t\t\t\t<\/div>\n\n\t\t\t\t\n\t\t\t\t\n\t\t\t\t\t\t\t\t\t\t\t\t\t\t\t\n\t\t\t\t\n\t\t\t\t<div class=\"sev-diaporama-portfolio-item col-12 col-sm  col-grow\">\n\t\t\t\t\t<a href=\"https:\/\/mas-llinas.com\/wp-content\/uploads\/2024\/01\/69153056ae25.jpg\" data-lightbox=\"sevgallery-154689481\" style=\"background-image: url(https:\/\/mas-llinas.com\/wp-content\/uploads\/2024\/01\/69153056ae25.jpg)\">\n\t\t\t\t\t\t<img decoding=\"async\" src=\"https:\/\/mas-llinas.com\/wp-content\/uploads\/2024\/01\/69153056ae25.jpg\" alt=\"Camping calme et nature proche Perpignan\" loading=\"lazy\">\n\t\t\t\t\t<\/a>\n\t\t\t\t<\/div>\n\n\t\t\t\t\t\t\t\t\t<div class=\"w-100 d-lg-none\"><\/div>\n\t\t\t\t\t\t\t\t\t\n\t\t\t\t\n\t\t\t\t\t\t\t\t\t\t\t\t\t\t\t\t\t\t<\/div>\n\t\t\t<\/div>\n\n\t\t\t<script>\n\t\t\tjQuery(function($) {\n\n\t\t\t\tvar marginPortfolio = function() {\n\n\t\t\t\t\tvar $diapo          = $('#sevgallery-154689481');\n\t\t\t\t\tvar container_width = $diapo.parent().outerWidth();\n\t\t\t\t\tvar side            = ( $(window).innerWidth() - container_width ) \/ 2;\n\n\t\t\t\t\t$diapo.css( {\n\t\t\t\t\t\t'margin-left': '-' + side + 'px',\n\t\t\t\t\t\t'margin-right': '-' + side + 'px',\n\t\t\t\t\t} );\n\t\t\t\t};\n\n\t\t\t\t$( window ).resize( function() {\n\t\t\t\t\tmarginPortfolio();\n\t\t\t\t} );\n\t\t\t\tmarginPortfolio();\n\t\t\t});\n\t\t\t<\/script>\n\t\t\t\n","protected":false},"excerpt":{"rendered":"<p>Servicios en el camping Mas Llinas, a 5 km del balneario de Le Boulou y a 7 km de Espa\u00f1a (Perthus). Recepci\u00f3n Abierto todos los d\u00edas de temporada (julio y agosto): de 8.00 a 12.00 y de 15.00 a 19.00 h.Horario fuera de temporada: de 9.00 a 12.00 y de 15.00 a 19.00 h. Desayuno [&hellip;]<\/p>\n","protected":false},"author":3,"featured_media":0,"parent":0,"menu_order":0,"comment_status":"closed","ping_status":"closed","template":"","meta":{"_seopress_robots_primary_cat":"","_seopress_titles_title":"Todos los servicios del camping le Mas Llinas","_seopress_titles_desc":"Mas Llinas le ofrece servicios adicionales durante su estancia. M\u00e1s informaci\u00f3n.","_seopress_robots_index":"","footnotes":""},"class_list":["post-42646","page","type-page","status-publish","hentry"],"_links":{"self":[{"href":"https:\/\/mas-llinas.com\/es\/wp-json\/wp\/v2\/pages\/42646","targetHints":{"allow":["GET"]}}],"collection":[{"href":"https:\/\/mas-llinas.com\/es\/wp-json\/wp\/v2\/pages"}],"about":[{"href":"https:\/\/mas-llinas.com\/es\/wp-json\/wp\/v2\/types\/page"}],"author":[{"embeddable":true,"href":"https:\/\/mas-llinas.com\/es\/wp-json\/wp\/v2\/users\/3"}],"replies":[{"embeddable":true,"href":"https:\/\/mas-llinas.com\/es\/wp-json\/wp\/v2\/comments?post=42646"}],"version-history":[{"count":1,"href":"https:\/\/mas-llinas.com\/es\/wp-json\/wp\/v2\/pages\/42646\/revisions"}],"predecessor-version":[{"id":42647,"href":"https:\/\/mas-llinas.com\/es\/wp-json\/wp\/v2\/pages\/42646\/revisions\/42647"}],"wp:attachment":[{"href":"https:\/\/mas-llinas.com\/es\/wp-json\/wp\/v2\/media?parent=42646"}],"curies":[{"name":"wp","href":"https:\/\/api.w.org\/{rel}","templated":true}]}}