{"id":42648,"date":"2023-12-11T11:08:13","date_gmt":"2023-12-11T10:08:13","guid":{"rendered":"https:\/\/dev.mas-llinas.com\/ciudades-y-pueblos\/"},"modified":"2024-01-26T12:12:41","modified_gmt":"2024-01-26T11:12:41","slug":"ciudades-y-pueblos","status":"publish","type":"page","link":"https:\/\/mas-llinas.com\/es\/ciudades-y-pueblos\/","title":{"rendered":"Ciudades y pueblos"},"content":{"rendered":"\n<div class=\"wp-block-columns are-vertically-aligned-center is-layout-flex wp-container-core-columns-is-layout-28f84493 wp-block-columns-is-layout-flex\">\n<div class=\"wp-block-column is-vertically-aligned-center is-layout-flow wp-block-column-is-layout-flow\">\n<h2 class=\"wp-block-heading\">Visite Collioure a 20 km<\/h2>\n\n\n\n<p>En el extremo sur de Francia, a 26 km de la frontera espa\u00f1ola, COLLIOURE, la joya de la costa rocosa, goza de un marco aut\u00e9ntico y un entorno protegido.<\/p>\n\n\n\n<p>Este peque\u00f1o puerto catal\u00e1n est\u00e1 enclavado en una cala donde las aguas del mar Mediterr\u00e1neo se encuentran con las rocas de la cordillera pirenaica.<\/p>\n\n\n\n<p>Un clima y un sol excepcionales, garantizados por la Tramontana, hacen de COLLIOURE un lugar \u00fanico. Numerosas playas de arena o guijarros, calas y aguas cristalinas hacen que nadar sea un placer.<\/p>\n<\/div>\n\n\n\n<div class=\"wp-block-column is-vertically-aligned-center is-layout-flow wp-block-column-is-layout-flow\">\n<figure class=\"wp-block-image aligncenter size-full is-resized\"><img loading=\"lazy\" decoding=\"async\" width=\"612\" height=\"408\" src=\"https:\/\/mas-llinas.com\/wp-content\/uploads\/2023\/12\/istockphoto-1159191063-612x612-1.jpg\" alt=\"\" class=\"wp-image-42008\" style=\"width:531px;height:auto\" srcset=\"https:\/\/mas-llinas.com\/wp-content\/uploads\/2023\/12\/istockphoto-1159191063-612x612-1.jpg 612w, https:\/\/mas-llinas.com\/wp-content\/uploads\/2023\/12\/istockphoto-1159191063-612x612-1-300x200.jpg 300w\" sizes=\"auto, (max-width: 612px) 100vw, 612px\" \/><\/figure>\n<\/div>\n<\/div>\n\n<div class=\"wp-block-columns are-vertically-aligned-center is-layout-flex wp-container-core-columns-is-layout-28f84493 wp-block-columns-is-layout-flex\">\n<div class=\"wp-block-column is-vertically-aligned-center is-layout-flow wp-block-column-is-layout-flow\">\n<figure class=\"wp-block-image aligncenter size-full is-resized\"><img loading=\"lazy\" decoding=\"async\" width=\"900\" height=\"506\" src=\"https:\/\/mas-llinas.com\/wp-content\/uploads\/2023\/12\/84b372f4906a-Personnalise-edited.jpg\" alt=\"\" class=\"wp-image-41894\" style=\"width:688px;height:auto\" srcset=\"https:\/\/mas-llinas.com\/wp-content\/uploads\/2023\/12\/84b372f4906a-Personnalise-edited.jpg 900w, https:\/\/mas-llinas.com\/wp-content\/uploads\/2023\/12\/84b372f4906a-Personnalise-edited-300x169.jpg 300w, https:\/\/mas-llinas.com\/wp-content\/uploads\/2023\/12\/84b372f4906a-Personnalise-edited-768x432.jpg 768w\" sizes=\"auto, (max-width: 900px) 100vw, 900px\" \/><\/figure>\n<\/div>\n\n\n\n<div class=\"wp-block-column is-vertically-aligned-center is-layout-flow wp-block-column-is-layout-flow\">\n<h2 class=\"wp-block-heading\">Visita y ba\u00f1o en Argeles sur mer a 18 km<\/h2>\n\n\n\n<p>A los pies del macizo de Alb\u00e8res (1157 m), donde los Pirineos se sumergen en el mar, el pueblo de Argel\u00e8s-sur-Mer combina felizmente arte de vivir, turismo verde y placeres balnearios.<\/p>\n\n\n\n<h2 class=\"wp-block-heading\">Visita al pueblo medieval de Castelnou<\/h2>\n\n\n\n<p>Este peque\u00f1o pueblo medieval se encuentra al pie de un antiguo castillo feudal, remodelado en el siglo pasado, y de una antigua torre de vigilancia. Los restos de sus murallas del siglo XIII rodean calles adoquinadas bordeadas de casas de color ocre, subrayadas por hiedras y adelfas.<\/p>\n<\/div>\n<\/div>\n\t\t\t<div id=\"sevgallery-1812692322\" class=\"sev-diaporama sev-diaporama-portfolio\">\n\t\t\t<div class=\"row\">\n\n\t\t\t\n\t\t\t\t\n\t\t\t\t<div class=\"sev-diaporama-portfolio-item col-12 col-sm  col-grow\">\n\t\t\t\t\t<a href=\"https:\/\/mas-llinas.com\/wp-content\/uploads\/2023\/12\/DSC05071-Personnalise.jpg\" data-lightbox=\"sevgallery-1812692322\" style=\"background-image: url(https:\/\/mas-llinas.com\/wp-content\/uploads\/2023\/12\/DSC05071-Personnalise.jpg)\">\n\t\t\t\t\t\t<img decoding=\"async\" src=\"https:\/\/mas-llinas.com\/wp-content\/uploads\/2023\/12\/DSC05071-Personnalise.jpg\" alt=\"Le Boulou\" loading=\"lazy\">\n\t\t\t\t\t<\/a>\n\t\t\t\t<\/div>\n\n\t\t\t\t\n\t\t\t\t\n\t\t\t\t\t\t\t\t\t\t\t\t\t\t\t\n\t\t\t\t\n\t\t\t\t<div class=\"sev-diaporama-portfolio-item col-12 col-sm  col-grow\">\n\t\t\t\t\t<a href=\"https:\/\/mas-llinas.com\/wp-content\/uploads\/2023\/12\/monastere-pyrenees.jpg\" data-lightbox=\"sevgallery-1812692322\" style=\"background-image: url(https:\/\/mas-llinas.com\/wp-content\/uploads\/2023\/12\/monastere-pyrenees.jpg)\">\n\t\t\t\t\t\t<img decoding=\"async\" src=\"https:\/\/mas-llinas.com\/wp-content\/uploads\/2023\/12\/monastere-pyrenees.jpg\" alt=\"Monastere dans les Pyr\u00e9n\u00e9es\" loading=\"lazy\">\n\t\t\t\t\t<\/a>\n\t\t\t\t<\/div>\n\n\t\t\t\t\t\t\t\t\t<div class=\"w-100 d-lg-none\"><\/div>\n\t\t\t\t\t\t\t\t\t\n\t\t\t\t\n\t\t\t\t\t\t\t\t\t\t\t\t\t\t\t\n\t\t\t\t\n\t\t\t\t<div class=\"sev-diaporama-portfolio-item col-12 col-sm  col-shrink\">\n\t\t\t\t\t<a href=\"https:\/\/mas-llinas.com\/wp-content\/uploads\/2023\/12\/village-boulou.jpg\" data-lightbox=\"sevgallery-1812692322\" style=\"background-image: url(https:\/\/mas-llinas.com\/wp-content\/uploads\/2023\/12\/village-boulou.jpg)\">\n\t\t\t\t\t\t<img decoding=\"async\" src=\"https:\/\/mas-llinas.com\/wp-content\/uploads\/2023\/12\/village-boulou.jpg\" alt=\"village du Boulou\" loading=\"lazy\">\n\t\t\t\t\t<\/a>\n\t\t\t\t<\/div>\n\n\t\t\t\t\n\t\t\t\t\t\t\t\t\t<div class=\"w-100 d-none d-lg-block\"><\/div>\n\t\t\t\t\t\t\t\t\t\n\t\t\t\t\t\t\t\t\t\t\t\t\t\t\t\n\t\t\t\t\n\t\t\t\t<div class=\"sev-diaporama-portfolio-item col-12 col-sm  col-shrink\">\n\t\t\t\t\t<a href=\"https:\/\/mas-llinas.com\/wp-content\/uploads\/2023\/12\/DSC02708.jpg\" data-lightbox=\"sevgallery-1812692322\" style=\"background-image: url(https:\/\/mas-llinas.com\/wp-content\/uploads\/2023\/12\/DSC02708.jpg)\">\n\t\t\t\t\t\t<img decoding=\"async\" src=\"https:\/\/mas-llinas.com\/wp-content\/uploads\/2023\/12\/DSC02708.jpg\" alt=\"collioure\" loading=\"lazy\">\n\t\t\t\t\t<\/a>\n\t\t\t\t<\/div>\n\n\t\t\t\t\t\t\t\t\t<div class=\"w-100 d-lg-none\"><\/div>\n\t\t\t\t\t\t\t\t\t\n\t\t\t\t\n\t\t\t\t\t\t\t\t\t\t\t\t\t\t\t\n\t\t\t\t\n\t\t\t\t<div class=\"sev-diaporama-portfolio-item col-12 col-sm \">\n\t\t\t\t\t<a href=\"https:\/\/mas-llinas.com\/wp-content\/uploads\/2023\/12\/visites.jpg\" data-lightbox=\"sevgallery-1812692322\" style=\"background-image: url(https:\/\/mas-llinas.com\/wp-content\/uploads\/2023\/12\/visites.jpg)\">\n\t\t\t\t\t\t<img decoding=\"async\" src=\"https:\/\/mas-llinas.com\/wp-content\/uploads\/2023\/12\/visites.jpg\" alt=\"visite de monuments\" loading=\"lazy\">\n\t\t\t\t\t<\/a>\n\t\t\t\t<\/div>\n\n\t\t\t\t\n\t\t\t\t\n\t\t\t\t\t\t\t\t\t\t\t\t\t\t\t\n\t\t\t\t\n\t\t\t\t<div class=\"sev-diaporama-portfolio-item col-12 col-sm  col-shrink\">\n\t\t\t\t\t<a href=\"https:\/\/mas-llinas.com\/wp-content\/uploads\/2023\/12\/cb944f243e6c.jpg\" data-lightbox=\"sevgallery-1812692322\" style=\"background-image: url(https:\/\/mas-llinas.com\/wp-content\/uploads\/2023\/12\/cb944f243e6c.jpg)\">\n\t\t\t\t\t\t<img decoding=\"async\" src=\"https:\/\/mas-llinas.com\/wp-content\/uploads\/2023\/12\/cb944f243e6c.jpg\" alt=\"collioure\" loading=\"lazy\">\n\t\t\t\t\t<\/a>\n\t\t\t\t<\/div>\n\n\t\t\t\t\t\t\t\t\t<div class=\"w-100 d-lg-none\"><\/div>\n\t\t\t\t\t\t\t\t\t\n\t\t\t\t\t\t\t\t\t<div class=\"w-100 d-none d-lg-block\"><\/div>\n\t\t\t\t\t\t\t\t\t\n\t\t\t\t\t\t\t\t\t\t\t\t\t\t\t\t\t\t<\/div>\n\t\t\t<\/div>\n\n\t\t\t<script>\n\t\t\tjQuery(function($) {\n\n\t\t\t\tvar marginPortfolio = function() {\n\n\t\t\t\t\tvar $diapo          = $('#sevgallery-1812692322');\n\t\t\t\t\tvar container_width = $diapo.parent().outerWidth();\n\t\t\t\t\tvar side            = ( $(window).innerWidth() - container_width ) \/ 2;\n\n\t\t\t\t\t$diapo.css( {\n\t\t\t\t\t\t'margin-left': '-' + side + 'px',\n\t\t\t\t\t\t'margin-right': '-' + side + 'px',\n\t\t\t\t\t} );\n\t\t\t\t};\n\n\t\t\t\t$( window ).resize( function() {\n\t\t\t\t\tmarginPortfolio();\n\t\t\t\t} );\n\t\t\t\tmarginPortfolio();\n\t\t\t});\n\t\t\t<\/script>\n\t\t\t\n","protected":false},"excerpt":{"rendered":"<p>Visite Collioure a 20 km En el extremo sur de Francia, a 26 km de la frontera espa\u00f1ola, COLLIOURE, la joya de la costa rocosa, goza de un marco aut\u00e9ntico y un entorno protegido. Este peque\u00f1o puerto catal\u00e1n est\u00e1 enclavado en una cala donde las aguas del mar Mediterr\u00e1neo se encuentran con las rocas de [&hellip;]<\/p>\n","protected":false},"author":3,"featured_media":0,"parent":0,"menu_order":0,"comment_status":"closed","ping_status":"closed","template":"","meta":{"_seopress_robots_primary_cat":"","_seopress_titles_title":"Explorar las ciudades y pueblos de los alrededores","_seopress_titles_desc":"T\u00f3mese su tiempo para descubrir las ciudades y pueblos de los alrededores de su camping le Mas Llinas en Le Boulou","_seopress_robots_index":"","footnotes":""},"class_list":["post-42648","page","type-page","status-publish","hentry"],"_links":{"self":[{"href":"https:\/\/mas-llinas.com\/es\/wp-json\/wp\/v2\/pages\/42648","targetHints":{"allow":["GET"]}}],"collection":[{"href":"https:\/\/mas-llinas.com\/es\/wp-json\/wp\/v2\/pages"}],"about":[{"href":"https:\/\/mas-llinas.com\/es\/wp-json\/wp\/v2\/types\/page"}],"author":[{"embeddable":true,"href":"https:\/\/mas-llinas.com\/es\/wp-json\/wp\/v2\/users\/3"}],"replies":[{"embeddable":true,"href":"https:\/\/mas-llinas.com\/es\/wp-json\/wp\/v2\/comments?post=42648"}],"version-history":[{"count":1,"href":"https:\/\/mas-llinas.com\/es\/wp-json\/wp\/v2\/pages\/42648\/revisions"}],"predecessor-version":[{"id":42649,"href":"https:\/\/mas-llinas.com\/es\/wp-json\/wp\/v2\/pages\/42648\/revisions\/42649"}],"wp:attachment":[{"href":"https:\/\/mas-llinas.com\/es\/wp-json\/wp\/v2\/media?parent=42648"}],"curies":[{"name":"wp","href":"https:\/\/api.w.org\/{rel}","templated":true}]}}