{"id":42652,"date":"2023-12-11T11:05:54","date_gmt":"2023-12-11T10:05:54","guid":{"rendered":"https:\/\/dev.mas-llinas.com\/nuestra-experiencia\/descubrir-collioure\/"},"modified":"2024-01-26T12:13:07","modified_gmt":"2024-01-26T11:13:07","slug":"descubrir-collioure","status":"publish","type":"page","link":"https:\/\/mas-llinas.com\/es\/nuestra-experiencia\/descubrir-collioure\/","title":{"rendered":"Descubrir Collioure"},"content":{"rendered":"\n<h2 class=\"wp-block-heading has-text-align-center\">D\u00eda 1: Descubrir Collioure  <\/h2>\n\n<p>Para esta experiencia de vacaciones, le llevamos a la zona de visita obligada de los Pirineos Orientales.<\/p>\n\n<p>Es imposible venir aqu\u00ed sin pasar uno o m\u00e1s d\u00edas con nosotros.<\/p>\n\n<p>Collioure es una ciudad tur\u00edstica muy colorida que atrae a miles de turistas cada a\u00f1o.<\/p>\n\n<div class=\"wp-block-media-text is-stacked-on-mobile is-image-fill\" style=\"padding-top:var(--wp--preset--spacing--30);padding-bottom:var(--wp--preset--spacing--30)\"><figure class=\"wp-block-media-text__media\" style=\"background-image:url(https:\/\/mas-llinas.com\/wp-content\/uploads\/2023\/12\/cb944f243e6c.jpg);background-position:50% 50%\"><img loading=\"lazy\" decoding=\"async\" width=\"800\" height=\"531\" src=\"https:\/\/mas-llinas.com\/wp-content\/uploads\/2023\/12\/cb944f243e6c.jpg\" alt=\"\" class=\"wp-image-41899 size-full\" srcset=\"https:\/\/mas-llinas.com\/wp-content\/uploads\/2023\/12\/cb944f243e6c.jpg 800w, https:\/\/mas-llinas.com\/wp-content\/uploads\/2023\/12\/cb944f243e6c-300x199.jpg 300w, https:\/\/mas-llinas.com\/wp-content\/uploads\/2023\/12\/cb944f243e6c-768x510.jpg 768w\" sizes=\"auto, (max-width: 800px) 100vw, 800px\" \/><\/figure><div class=\"wp-block-media-text__content\">\n<p>Avent\u00farese por las estrechas calles peatonales de Collioure, en la C\u00f4te Vermeille. Observar\u00e1 numerosos detalles arquitect\u00f3nicos que atestiguan las diferentes ocupaciones a lo largo de los siglos.<\/p>\n\n\n\n<p>Entre balcones de flores y casas de fachadas coloridas, no podr\u00e1 perderse las antiguas murallas medievales, recuerdo del pasado hist\u00f3rico de la ciudad.<\/p>\n\n\n\n<p>Ya sea por la ma\u00f1ana para saludar a los pescadores, a la hora de comer para una pausa gastron\u00f3mica o por la noche para admirar las luces de la bah\u00eda, el puerto de <strong>Collioure est\u00e1<\/strong>animado en cada momento del d\u00eda. Tambi\u00e9n es un lugar de renombre para los pintores.<\/p>\n\n\n\n<p>Para una visita hist\u00f3rica en familia, dir\u00edjase al <a href=\"http:\/\/www.tourisme-pyreneesorientales.com\/chateau-royal-de-collioure\/collioure\/pcular0660000029?position=13&amp;list=CA0fInqjOhsPiKPFdn2rtGOUmwXBGW5NS94oSgEPrbo\" target=\"_blank\" rel=\"noreferrer noopener\">\n  <strong>Castillo Real de Collioure<\/strong>\n<\/a>del siglo XIII, declarado monumento en 1922. Y si hoy hay que mirar hacia arriba para verlo, no fue as\u00ed hasta el siglo XVII. Se dice que el arquitecto Vauban hizo arrasar la ciudad alta de Collioure para construir la muralla exterior y el glacis. Ahora ya no hay dudas. Acepte el reto de la \u00faltima fortaleza real medieval de Francia y visite este monumento polifac\u00e9tico. Desde la antigua residencia de verano de los Reyes de Mallorca, pasando por una fortaleza medieval, hasta una prisi\u00f3n para refugiados durante la <strong><a href=\"http:\/\/www.tourisme-pyreneesorientales.com\/terre-de-memoire\" target=\"_blank\" rel=\"noreferrer noopener\">\u00abRetirada\u00bb<\/a><\/strong>(la retirada de los republicanos derrotados al final de la Guerra Civil espa\u00f1ola), su historia promete un gran viaje en el tiempo.<\/p>\n\n\n\n<p>&#8211; Desde el camping, tomar la direcci\u00f3n Argel\u00e8s, salida Collioure \u00abla Corniche\u00bb, seguir la Corniche (duraci\u00f3n del trayecto 25 min).<\/p>\n\n\n\n<p>&#8211; No se levante demasiado tarde para asegurarse una plaza de aparcamiento.<\/p>\n\n\n\n<p>&#8211; Tarifa 2022 entre 0,80 y 1,30 euros por media hora.<\/p>\n\n\n\n<p>&#8211; Precio completo 2022 en el Ch\u00e2teau royal 7<\/p>\n\n\n\n<p>Mientras pasea, no deje de detenerse en alguno de los bares, restaurantes y tiendas del paseo mar\u00edtimo para degustar las famosas <strong>anchoas de Collioure y las especialidades catalanas<\/strong>.<\/p>\n<\/div><\/div>\n\n<div class=\"wp-block-media-text has-media-on-the-right is-stacked-on-mobile is-image-fill\" style=\"padding-top:var(--wp--preset--spacing--30);padding-right:0;padding-bottom:var(--wp--preset--spacing--30);padding-left:0\"><div class=\"wp-block-media-text__content\">\n<h2 class=\"wp-block-heading\">Vamos al trenecito de Collioure<\/h2>\n\n\n\n<p><strong>El valiente trenecito afronta la subida a las alturas de Collioure por el chemin de la Gal\u00e8re<\/strong><em>No<\/em><em>hasta el <\/em><em>\n  <strong>Fuerte Saint Elme<\/strong>\n<\/em><em>\u00bb .<\/em><\/p>\n\n\n\n<p>A trav\u00e9s de los vi\u00f1edos en terrazas, al pie del fuerte, los carruajes blancos y amarillos se detienen para admirar la vista panor\u00e1mica que se extiende desde el <strong>litoral <\/strong>y la bah\u00eda de Collioure hasta la llanura <strong>del Rosell\u00f3n <\/strong>y los <strong>Pirineos<\/strong>.<\/p>\n\n\n\n<p>A continuaci\u00f3n, bajaremos a <strong>Port-Vendres<\/strong> para pasear por los muelles de este peque\u00f1o puerto comercial. El viaje de vuelta le llevar\u00e1 a lo largo de la cornisa, con impresionantes vistas de la costa rocosa y sus calas.<\/p>\n\n\n\n<p><strong>Nos vemos en la Place du 8 mai 1945 (cerca de Correos) para dar un paseo de 45 minutos.<\/strong><\/p>\n\n\n\n<p><strong>Las salidas son cada hora, o cada 30 minutos en temporada alta.<\/strong><\/p>\n\n\n\n<p class=\"has-background\" style=\"background-color:#b02e622e\"><strong>Precios:<br\/><\/strong>&#8211; Adultos: 9 euros<br\/>&#8211; Ni\u00f1os (de 3 a 11 a\u00f1os): 6 euros<br\/>&#8211; Gratuito para menores de 4 a\u00f1os<\/p>\n<\/div><figure class=\"wp-block-media-text__media\" style=\"background-image:url(https:\/\/mas-llinas.com\/wp-content\/uploads\/2023\/12\/istockphoto-1159191063-612x612-1.jpg);background-position:50% 50%\"><img loading=\"lazy\" decoding=\"async\" width=\"612\" height=\"408\" src=\"https:\/\/mas-llinas.com\/wp-content\/uploads\/2023\/12\/istockphoto-1159191063-612x612-1.jpg\" alt=\"\" class=\"wp-image-42008 size-full\" srcset=\"https:\/\/mas-llinas.com\/wp-content\/uploads\/2023\/12\/istockphoto-1159191063-612x612-1.jpg 612w, https:\/\/mas-llinas.com\/wp-content\/uploads\/2023\/12\/istockphoto-1159191063-612x612-1-300x200.jpg 300w\" sizes=\"auto, (max-width: 612px) 100vw, 612px\" \/><\/figure><\/div>\n\n<p>Tras un tranquilo paseo en el trenecito, disfrute de un ba\u00f1o en familia en la playa de Collioure. Aseg\u00farese de llevar calzado adecuado, ya que la playa de Collioure est\u00e1 formada por guijarros.<\/p>\n\n<h2 class=\"wp-block-heading\">D\u00f3nde comer bien :<\/h2>\n\n<ul class=\"wp-block-list\">\n<li>Restaurante Le Vauban: men\u00fas con refinados platos franceses de sabor internacional y opciones vegetarianas. Un lugar con un ambiente relajado. Precios entre 14 y 19 euros<\/li>\n\n\n\n<li>Restaurante La Casa Linga: cocina mediterr\u00e1nea, entre 15 y 30 euros<\/li>\n\n\n\n<li>Restaurante La Fr\u00e9gate Collioure: cocina europea y catalana. Precios entre 17 y 21 euros<\/li>\n<\/ul>\n\t\t\t<div id=\"sevgallery-2105545032\" class=\"sev-diaporama sev-diaporama-portfolio\">\n\t\t\t<div class=\"row\">\n\n\t\t\t\n\t\t\t\t\n\t\t\t\t<div class=\"sev-diaporama-portfolio-item col-12 col-sm  col-grow\">\n\t\t\t\t\t<a href=\"https:\/\/mas-llinas.com\/wp-content\/uploads\/2023\/12\/cb944f243e6c.jpg\" data-lightbox=\"sevgallery-2105545032\" style=\"background-image: url(https:\/\/mas-llinas.com\/wp-content\/uploads\/2023\/12\/cb944f243e6c.jpg)\">\n\t\t\t\t\t\t<img decoding=\"async\" src=\"https:\/\/mas-llinas.com\/wp-content\/uploads\/2023\/12\/cb944f243e6c.jpg\" alt=\"collioure\" loading=\"lazy\">\n\t\t\t\t\t<\/a>\n\t\t\t\t<\/div>\n\n\t\t\t\t\n\t\t\t\t\n\t\t\t\t\t\t\t\t\t\t\t\t\t\t\t\n\t\t\t\t\n\t\t\t\t<div class=\"sev-diaporama-portfolio-item col-12 col-sm \">\n\t\t\t\t\t<a href=\"https:\/\/mas-llinas.com\/wp-content\/uploads\/2023\/12\/village-boulou.jpg\" data-lightbox=\"sevgallery-2105545032\" style=\"background-image: url(https:\/\/mas-llinas.com\/wp-content\/uploads\/2023\/12\/village-boulou.jpg)\">\n\t\t\t\t\t\t<img decoding=\"async\" src=\"https:\/\/mas-llinas.com\/wp-content\/uploads\/2023\/12\/village-boulou.jpg\" alt=\"village du Boulou\" loading=\"lazy\">\n\t\t\t\t\t<\/a>\n\t\t\t\t<\/div>\n\n\t\t\t\t\t\t\t\t\t<div class=\"w-100 d-lg-none\"><\/div>\n\t\t\t\t\t\t\t\t\t\n\t\t\t\t\n\t\t\t\t\t\t\t\t\t\t\t\t\t\t\t\n\t\t\t\t\n\t\t\t\t<div class=\"sev-diaporama-portfolio-item col-12 col-sm  col-grow\">\n\t\t\t\t\t<a href=\"https:\/\/mas-llinas.com\/wp-content\/uploads\/2023\/12\/4e9873766db9.jpg\" data-lightbox=\"sevgallery-2105545032\" style=\"background-image: url(https:\/\/mas-llinas.com\/wp-content\/uploads\/2023\/12\/4e9873766db9.jpg)\">\n\t\t\t\t\t\t<img decoding=\"async\" src=\"https:\/\/mas-llinas.com\/wp-content\/uploads\/2023\/12\/4e9873766db9.jpg\" alt=\"collioure\" loading=\"lazy\">\n\t\t\t\t\t<\/a>\n\t\t\t\t<\/div>\n\n\t\t\t\t\n\t\t\t\t\t\t\t\t\t<div class=\"w-100 d-none d-lg-block\"><\/div>\n\t\t\t\t\t\t\t\t\t\n\t\t\t\t\t\t\t\t\t\t\t\t\t\t\t\n\t\t\t\t\n\t\t\t\t<div class=\"sev-diaporama-portfolio-item col-12 col-sm  col-shrink\">\n\t\t\t\t\t<a href=\"https:\/\/mas-llinas.com\/wp-content\/uploads\/2023\/12\/DSC02708.jpg\" data-lightbox=\"sevgallery-2105545032\" style=\"background-image: url(https:\/\/mas-llinas.com\/wp-content\/uploads\/2023\/12\/DSC02708.jpg)\">\n\t\t\t\t\t\t<img decoding=\"async\" src=\"https:\/\/mas-llinas.com\/wp-content\/uploads\/2023\/12\/DSC02708.jpg\" alt=\"collioure\" loading=\"lazy\">\n\t\t\t\t\t<\/a>\n\t\t\t\t<\/div>\n\n\t\t\t\t\t\t\t\t\t<div class=\"w-100 d-lg-none\"><\/div>\n\t\t\t\t\t\t\t\t\t\n\t\t\t\t\n\t\t\t\t\t\t\t\t\t\t\t\t\t\t\t\n\t\t\t\t\n\t\t\t\t<div class=\"sev-diaporama-portfolio-item col-12 col-sm \">\n\t\t\t\t\t<a href=\"https:\/\/mas-llinas.com\/wp-content\/uploads\/2023\/12\/885ef9ca8617-2.jpg\" data-lightbox=\"sevgallery-2105545032\" style=\"background-image: url(https:\/\/mas-llinas.com\/wp-content\/uploads\/2023\/12\/885ef9ca8617-2.jpg)\">\n\t\t\t\t\t\t<img decoding=\"async\" src=\"https:\/\/mas-llinas.com\/wp-content\/uploads\/2023\/12\/885ef9ca8617-2.jpg\" alt=\"collioure\" loading=\"lazy\">\n\t\t\t\t\t<\/a>\n\t\t\t\t<\/div>\n\n\t\t\t\t\n\t\t\t\t\n\t\t\t\t\t\t\t\t\t\t\t\t\t\t\t\t\t\t<\/div>\n\t\t\t<\/div>\n\n\t\t\t<script>\n\t\t\tjQuery(function($) {\n\n\t\t\t\tvar marginPortfolio = function() {\n\n\t\t\t\t\tvar $diapo          = $('#sevgallery-2105545032');\n\t\t\t\t\tvar container_width = $diapo.parent().outerWidth();\n\t\t\t\t\tvar side            = ( $(window).innerWidth() - container_width ) \/ 2;\n\n\t\t\t\t\t$diapo.css( {\n\t\t\t\t\t\t'margin-left': '-' + side + 'px',\n\t\t\t\t\t\t'margin-right': '-' + side + 'px',\n\t\t\t\t\t} );\n\t\t\t\t};\n\n\t\t\t\t$( window ).resize( function() {\n\t\t\t\t\tmarginPortfolio();\n\t\t\t\t} );\n\t\t\t\tmarginPortfolio();\n\t\t\t});\n\t\t\t<\/script>\n\t\t\t\n","protected":false},"excerpt":{"rendered":"<p>D\u00eda 1: Descubrir Collioure Para esta experiencia de vacaciones, le llevamos a la zona de visita obligada de los Pirineos Orientales. Es imposible venir aqu\u00ed sin pasar uno o m\u00e1s d\u00edas con nosotros. Collioure es una ciudad tur\u00edstica muy colorida que atrae a miles de turistas cada a\u00f1o. Avent\u00farese por las estrechas calles peatonales de [&hellip;]<\/p>\n","protected":false},"author":3,"featured_media":0,"parent":42628,"menu_order":0,"comment_status":"closed","ping_status":"closed","template":"","meta":{"_seopress_robots_primary_cat":"","_seopress_titles_title":"Aproveche para descubrir Collioure","_seopress_titles_desc":"Dir\u00edjase a Collioure para pasar un fant\u00e1stico d\u00eda de diversi\u00f3n y placer.","_seopress_robots_index":"","footnotes":""},"class_list":["post-42652","page","type-page","status-publish","hentry"],"_links":{"self":[{"href":"https:\/\/mas-llinas.com\/es\/wp-json\/wp\/v2\/pages\/42652","targetHints":{"allow":["GET"]}}],"collection":[{"href":"https:\/\/mas-llinas.com\/es\/wp-json\/wp\/v2\/pages"}],"about":[{"href":"https:\/\/mas-llinas.com\/es\/wp-json\/wp\/v2\/types\/page"}],"author":[{"embeddable":true,"href":"https:\/\/mas-llinas.com\/es\/wp-json\/wp\/v2\/users\/3"}],"replies":[{"embeddable":true,"href":"https:\/\/mas-llinas.com\/es\/wp-json\/wp\/v2\/comments?post=42652"}],"version-history":[{"count":1,"href":"https:\/\/mas-llinas.com\/es\/wp-json\/wp\/v2\/pages\/42652\/revisions"}],"predecessor-version":[{"id":42653,"href":"https:\/\/mas-llinas.com\/es\/wp-json\/wp\/v2\/pages\/42652\/revisions\/42653"}],"up":[{"embeddable":true,"href":"https:\/\/mas-llinas.com\/es\/wp-json\/wp\/v2\/pages\/42628"}],"wp:attachment":[{"href":"https:\/\/mas-llinas.com\/es\/wp-json\/wp\/v2\/media?parent=42652"}],"curies":[{"name":"wp","href":"https:\/\/api.w.org\/{rel}","templated":true}]}}